{"id":112,"date":"2024-02-29T10:52:50","date_gmt":"2024-02-29T09:52:50","guid":{"rendered":"https:\/\/fse.gipexperience.fr\/?page_id=112"},"modified":"2025-03-25T15:33:02","modified_gmt":"2025-03-25T14:33:02","slug":"le-pei-en-quelques-mots","status":"publish","type":"page","link":"https:\/\/fse.gipexperience.fr\/","title":{"rendered":"Qu&rsquo;est-ce que le P.E.I ?"},"content":{"rendered":"\t\t<div data-elementor-type=\"wp-page\" data-elementor-id=\"112\" class=\"elementor elementor-112\">\n\t\t\t\t<div class=\"elementor-element elementor-element-638b0fa e-flex e-con-boxed wpr-particle-no wpr-jarallax-no wpr-parallax-no wpr-sticky-section-no e-con e-parent\" data-id=\"638b0fa\" data-element_type=\"container\">\n\t\t\t\t\t<div class=\"e-con-inner\">\n\t\t\t\t<div class=\"elementor-element elementor-element-b2ae392 elementor-widget elementor-widget-text-editor\" data-id=\"b2ae392\" data-element_type=\"widget\" data-widget_type=\"text-editor.default\">\n\t\t\t\t<div class=\"elementor-widget-container\">\n\t\t\t\t\t\t\t\t\t<p>Le 30 juin 2023, un appel \u00e0 projet europ\u00e9en d\u2019un montant de 135.000\u20ac a \u00e9t\u00e9 lanc\u00e9 par la R\u00e9gion Pays de la Loire. Intitul\u00e9 \u00ab Am\u00e9liorer la qualit\u00e9, le caract\u00e8re inclusif et l\u2019efficacit\u00e9 des syst\u00e8mes d\u2019\u00e9ducation\/formation et promouvoir la mise en place de formation en alternance\/apprentissage \u00bb, cet appel \u00e0 projet fixait comme objectif \u00ab de favoriser l&rsquo;insertion, [de] limiter le d\u00e9crochage scolaire, [de] d\u00e9velopper l&rsquo;innovation p\u00e9dagogique et l&rsquo;ing\u00e9nierie de formation notamment sur des th\u00e9matiques prioritaires, [et de] soutenir la mobilit\u00e9 europ\u00e9enne et internationale des enseignants \u00bb.<\/p>\n<p>Dans ce contexte, la proposition de projet \u00e9manant du GIP-FCIP Exp\u00e9rience de la DRAFPIC de Nantes a \u00e9t\u00e9 retenue. Travaill\u00e9e en \u00e9troite collaboration avec le Centre Acad\u00e9mique pour la Scolarisation des \u00c9l\u00e8ves Allophones Nouvellement Arriv\u00e9s (EANA) et des enfants issus de familles itin\u00e9rantes et de Voyage (EFIV) et la D\u00e9l\u00e9gation Acad\u00e9mique \u00e0 la Pers\u00e9v\u00e9rance Scolaire et \u00e0 l&rsquo;Insertion (DAPSI), la proposition du GIP-FCIP Exp\u00e9rience visait \u00e0 accompagner les \u00e9quipes p\u00e9dagogiques en lien avec des publics en grande fragilit\u00e9 scolaire et d\u2019apprentissage, en valorisant les pratiques enseignantes mutualisables et en harmonisant les outils p\u00e9dagogiques. Intitul\u00e9e \u00ab Projet \u00c9ducatif d\u2019Int\u00e9gration \u00bb (P.E.I) depuis octobre 2023, cette proposition s\u2019est donn\u00e9e pour objet d\u2019\u00e9tude l\u2019observation et l\u2019analyse de pratiques d\u2019enseignement.<\/p>\n<p>Afin de r\u00e9pondre aux attendus du projet, les \u00e9quipes des diff\u00e9rents services acad\u00e9miques associ\u00e9s au P.E.I ont effectu\u00e9, dans la r\u00e9gion nazairienne, une s\u00e9lection d\u2019\u00e9tablissements repr\u00e9sentatifs de diff\u00e9rentes r\u00e9alit\u00e9s d\u2019enseignement et faisant montre d\u2019une dynamique p\u00e9dagogique propice \u00e0 la prise en compte de l\u2019h\u00e9t\u00e9rog\u00e9n\u00e9it\u00e9. La coordination et la r\u00e9alisation du projet ont \u00e9t\u00e9 confi\u00e9es \u00e0 une charg\u00e9e d\u2019\u00e9tude, Jenny MORENO , rattach\u00e9e au P\u00f4le Innovation et Ing\u00e9nierie P\u00e9dagogique (2IP) du GIP-FCIP Exp\u00e9rience \/ Fabrique \u00e0 I.D. (F\u00e0ID). Une \u00e9quipe-projet pluridisciplinaire d\u00e9di\u00e9e au P.EI. a \u00e9galement pu \u00eatre constitu\u00e9e autour de la charg\u00e9e d\u2019\u00e9tude.<\/p>\t\t\t\t\t\t\t\t<\/div>\n\t\t\t\t<\/div>\n\t\t\t\t<div class=\"elementor-element elementor-element-852bd7b elementor-widget elementor-widget-testimonial\" data-id=\"852bd7b\" data-element_type=\"widget\" data-widget_type=\"testimonial.default\">\n\t\t\t\t<div class=\"elementor-widget-container\">\n\t\t\t\t\t\t\t<div class=\"elementor-testimonial-wrapper\">\n\t\t\t\t\t\t\t<div class=\"elementor-testimonial-content\">\u00ab Dans le cadre du projet, nous explorons la mani\u00e8re dont des enseignants de coll\u00e8ge, de lyc\u00e9e et des formateurs de GRETA-CFA (Loire-Atlantique, site de Saint-Nazaire) g\u00e8rent l'h\u00e9t\u00e9rog\u00e9n\u00e9it\u00e9 des publics d'apprenants au quotidien, \u00e0 partir de l'analyse de pratiques enseignantes et de retours d'exp\u00e9rience. \u00bb<\/div>\n\t\t\t\n\t\t\t\t\t\t<div class=\"elementor-testimonial-meta elementor-has-image elementor-testimonial-image-position-aside\">\n\t\t\t\t<div class=\"elementor-testimonial-meta-inner\">\n\t\t\t\t\t\t\t\t\t\t\t<div class=\"elementor-testimonial-image\">\n\t\t\t\t\t\t\t<img fetchpriority=\"high\" decoding=\"async\" width=\"356\" height=\"368\" src=\"https:\/\/fse.gipexperience.fr\/wp-content\/uploads\/2024\/02\/490a6209f4159deaf2a3220613c7e49f-sticker-e1741774682533.png\" class=\"attachment-full size-full wp-image-271\" alt=\"memoji Jenny MORENO\" srcset=\"https:\/\/fse.gipexperience.fr\/wp-content\/uploads\/2024\/02\/490a6209f4159deaf2a3220613c7e49f-sticker-e1741774682533.png 356w, https:\/\/fse.gipexperience.fr\/wp-content\/uploads\/2024\/02\/490a6209f4159deaf2a3220613c7e49f-sticker-e1741774682533-290x300.png 290w\" sizes=\"(max-width: 356px) 100vw, 356px\" \/>\t\t\t\t\t\t<\/div>\n\t\t\t\t\t\n\t\t\t\t\t\t\t\t\t\t<div class=\"elementor-testimonial-details\">\n\t\t\t\t\t\t\t\t\t\t\t\t\t\t<div class=\"elementor-testimonial-name\">Jenny MORENO<\/div>\n\t\t\t\t\t\t\t\t\t\t\t\t\t\t\t\t\t\t\t\t\t\t<div class=\"elementor-testimonial-job\">Charg\u00e9e d'\u00e9tude<\/div>\n\t\t\t\t\t\t\t\t\t\t\t\t\t<\/div>\n\t\t\t\t\t\t\t\t\t<\/div>\n\t\t\t<\/div>\n\t\t\t\t\t<\/div>\n\t\t\t\t\t\t<\/div>\n\t\t\t\t<\/div>\n\t\t\t\t<div class=\"elementor-element elementor-element-9eb4c62 elementor-widget elementor-widget-spacer\" data-id=\"9eb4c62\" data-element_type=\"widget\" data-widget_type=\"spacer.default\">\n\t\t\t\t<div class=\"elementor-widget-container\">\n\t\t\t\t\t\t\t<div class=\"elementor-spacer\">\n\t\t\t<div class=\"elementor-spacer-inner\"><\/div>\n\t\t<\/div>\n\t\t\t\t\t\t<\/div>\n\t\t\t\t<\/div>\n\t\t\t\t<div class=\"elementor-element elementor-element-33c6e05 elementor-widget elementor-widget-text-editor\" data-id=\"33c6e05\" data-element_type=\"widget\" data-widget_type=\"text-editor.default\">\n\t\t\t\t<div class=\"elementor-widget-container\">\n\t\t\t\t\t\t\t\t\t<p>Cette \u00e9tude exp\u00e9rimentale vise \u00e0 identifier, \u00e0 partir de l\u2019observation de pratiques, les besoins des \u00e9l\u00e8ves ainsi que les strat\u00e9gies didactiques et p\u00e9dagogiques mobilis\u00e9es par les enseignants pour la gestion de l\u2019h\u00e9t\u00e9rog\u00e9n\u00e9it\u00e9 des groupes-classes. Cette h\u00e9t\u00e9rog\u00e9n\u00e9it\u00e9 englobe les classes multi-niveaux, la prise en charge des apprenants en situation de handicap, les apprenants allophones, ceux en situation de d\u00e9crochage ou en difficult\u00e9 scolaire et les \u00e9l\u00e8ves pr\u00e9sentant des troubles des apprentissages, entre autres.<\/p>\t\t\t\t\t\t\t\t<\/div>\n\t\t\t\t<\/div>\n\t\t\t\t<div class=\"elementor-element elementor-element-ea21dc2 elementor-widget elementor-widget-spacer\" data-id=\"ea21dc2\" data-element_type=\"widget\" data-widget_type=\"spacer.default\">\n\t\t\t\t<div class=\"elementor-widget-container\">\n\t\t\t\t\t\t\t<div class=\"elementor-spacer\">\n\t\t\t<div class=\"elementor-spacer-inner\"><\/div>\n\t\t<\/div>\n\t\t\t\t\t\t<\/div>\n\t\t\t\t<\/div>\n\t\t\t\t\t<\/div>\n\t\t\t\t<\/div>\n\t\t<div class=\"elementor-element elementor-element-02726f9 e-flex e-con-boxed wpr-particle-no wpr-jarallax-no wpr-parallax-no wpr-sticky-section-no e-con e-parent\" data-id=\"02726f9\" data-element_type=\"container\" data-settings=\"{&quot;background_background&quot;:&quot;classic&quot;}\">\n\t\t\t\t\t<div class=\"e-con-inner\">\n\t\t\t\t<div class=\"elementor-element elementor-element-73f40ca elementor-widget elementor-widget-heading\" data-id=\"73f40ca\" data-element_type=\"widget\" data-widget_type=\"heading.default\">\n\t\t\t\t<div class=\"elementor-widget-container\">\n\t\t\t\t\t<h2 class=\"elementor-heading-title elementor-size-default\">Les objectifs du projet<\/h2>\t\t\t\t<\/div>\n\t\t\t\t<\/div>\n\t\t\t\t<div class=\"elementor-element elementor-element-79ae81b elementor-widget elementor-widget-text-editor\" data-id=\"79ae81b\" data-element_type=\"widget\" data-widget_type=\"text-editor.default\">\n\t\t\t\t<div class=\"elementor-widget-container\">\n\t\t\t\t\t\t\t\t\t<p>Sur ce bassin les principaux objectifs \u00e0 atteindre sont :<\/p><ul><li>Identifier, harmoniser et mutualiser les outils p\u00e9dagogiques employ\u00e9s par le corps enseignant ;<\/li><li>Permettre aux professionnels de l&rsquo;enseignement de mieux prendre en compte les besoins et les difficult\u00e9s des apprenants pour faire face aux d\u00e9fis des pratiques p\u00e9dagogiques contemporaines ;<\/li><li>\u00a0Valoriser le savoir-faire enseignant ;<\/li><li>Promouvoir la collaboration entre les \u00e9tablissements.<\/li><\/ul>\t\t\t\t\t\t\t\t<\/div>\n\t\t\t\t<\/div>\n\t\t\t\t\t<\/div>\n\t\t\t\t<\/div>\n\t\t<div class=\"elementor-element elementor-element-2416025 e-flex e-con-boxed wpr-particle-no wpr-jarallax-no wpr-parallax-no wpr-sticky-section-no e-con e-parent\" data-id=\"2416025\" data-element_type=\"container\">\n\t\t\t\t\t<div class=\"e-con-inner\">\n\t\t\t\t<div class=\"elementor-element elementor-element-63fba1a elementor-widget elementor-widget-spacer\" data-id=\"63fba1a\" data-element_type=\"widget\" data-widget_type=\"spacer.default\">\n\t\t\t\t<div class=\"elementor-widget-container\">\n\t\t\t\t\t\t\t<div class=\"elementor-spacer\">\n\t\t\t<div class=\"elementor-spacer-inner\"><\/div>\n\t\t<\/div>\n\t\t\t\t\t\t<\/div>\n\t\t\t\t<\/div>\n\t\t\t\t<div class=\"elementor-element elementor-element-523bb03 elementor-widget elementor-widget-heading\" data-id=\"523bb03\" data-element_type=\"widget\" data-widget_type=\"heading.default\">\n\t\t\t\t<div class=\"elementor-widget-container\">\n\t\t\t\t\t<h2 class=\"elementor-heading-title elementor-size-default\">Contacts<\/h2>\t\t\t\t<\/div>\n\t\t\t\t<\/div>\n\t\t\t\t<div class=\"elementor-element elementor-element-f7e1118 elementor-tabs-view-horizontal elementor-widget elementor-widget-tabs\" data-id=\"f7e1118\" data-element_type=\"widget\" data-widget_type=\"tabs.default\">\n\t\t\t\t<div class=\"elementor-widget-container\">\n\t\t\t\t\t\t\t<div class=\"elementor-tabs\">\n\t\t\t<div class=\"elementor-tabs-wrapper\" role=\"tablist\" >\n\t\t\t\t\t\t\t\t\t<div id=\"elementor-tab-title-2591\" class=\"elementor-tab-title elementor-tab-desktop-title\" aria-selected=\"true\" data-tab=\"1\" role=\"tab\" tabindex=\"0\" aria-controls=\"elementor-tab-content-2591\" aria-expanded=\"false\">Jenny MORENO<\/div>\n\t\t\t\t\t\t\t\t\t<div id=\"elementor-tab-title-2592\" class=\"elementor-tab-title elementor-tab-desktop-title\" aria-selected=\"false\" data-tab=\"2\" role=\"tab\" tabindex=\"-1\" aria-controls=\"elementor-tab-content-2592\" aria-expanded=\"false\">P\u00f4le 2IP \/ F\u00e0ID<\/div>\n\t\t\t\t\t\t\t\t\t<div id=\"elementor-tab-title-2593\" class=\"elementor-tab-title elementor-tab-desktop-title\" aria-selected=\"false\" data-tab=\"3\" role=\"tab\" tabindex=\"-1\" aria-controls=\"elementor-tab-content-2593\" aria-expanded=\"false\">Alexandre TRANSON<\/div>\n\t\t\t\t\t\t\t\t\t<div id=\"elementor-tab-title-2594\" class=\"elementor-tab-title elementor-tab-desktop-title\" aria-selected=\"false\" data-tab=\"4\" role=\"tab\" tabindex=\"-1\" aria-controls=\"elementor-tab-content-2594\" aria-expanded=\"false\">Elsa GOUJARD<\/div>\n\t\t\t\t\t\t\t\t\t<div id=\"elementor-tab-title-2595\" class=\"elementor-tab-title elementor-tab-desktop-title\" aria-selected=\"false\" data-tab=\"5\" role=\"tab\" tabindex=\"-1\" aria-controls=\"elementor-tab-content-2595\" aria-expanded=\"false\">Colombe LAFORET<\/div>\n\t\t\t\t\t\t\t\t\t<div id=\"elementor-tab-title-2596\" class=\"elementor-tab-title elementor-tab-desktop-title\" aria-selected=\"false\" data-tab=\"6\" role=\"tab\" tabindex=\"-1\" aria-controls=\"elementor-tab-content-2596\" aria-expanded=\"false\">Philippe DERRIEN<\/div>\n\t\t\t\t\t\t\t\t\t<div id=\"elementor-tab-title-2597\" class=\"elementor-tab-title elementor-tab-desktop-title\" aria-selected=\"false\" data-tab=\"7\" role=\"tab\" tabindex=\"-1\" aria-controls=\"elementor-tab-content-2597\" aria-expanded=\"false\">P\u00f4le TIC<\/div>\n\t\t\t\t\t\t\t<\/div>\n\t\t\t<div class=\"elementor-tabs-content-wrapper\" role=\"tablist\" aria-orientation=\"vertical\">\n\t\t\t\t\t\t\t\t\t<div class=\"elementor-tab-title elementor-tab-mobile-title\" aria-selected=\"true\" data-tab=\"1\" role=\"tab\" tabindex=\"0\" aria-controls=\"elementor-tab-content-2591\" aria-expanded=\"false\">Jenny MORENO<\/div>\n\t\t\t\t\t<div id=\"elementor-tab-content-2591\" class=\"elementor-tab-content elementor-clearfix\" data-tab=\"1\" role=\"tabpanel\" aria-labelledby=\"elementor-tab-title-2591\" tabindex=\"0\" hidden=\"false\"><p>Charg\u00e9e d&rsquo;\u00e9tude sur le Projet \u00c9ducatif d&rsquo;Int\u00e9gration (P.E.I)<\/p><p>P\u00f4le Innovation et Ing\u00e9nierie P\u00e9dagogique (2IP) &#8211; La Fabrique \u00e0 I.D. (F\u00e0ID)<\/p><p>D\u00e9l\u00e9gation R\u00e9gionale Acad\u00e9mique \u00e0 la Formation Professionnelle Initiale et Continue (DRAFPIC)<\/p><p>GIP-FCIP Exp\u00e9rience<\/p><p>R\u00e9gion acad\u00e9mique des Pays de la Loire<\/p><p>Courriel : <a href=\"mailto:jenny.moreno@ac-nantes.fr\" target=\"_blank\" rel=\"noopener\">jenny.moreno@ac-nantes.fr<\/a><\/p><\/div>\n\t\t\t\t\t\t\t\t\t<div class=\"elementor-tab-title elementor-tab-mobile-title\" aria-selected=\"false\" data-tab=\"2\" role=\"tab\" tabindex=\"-1\" aria-controls=\"elementor-tab-content-2592\" aria-expanded=\"false\">P\u00f4le 2IP \/ F\u00e0ID<\/div>\n\t\t\t\t\t<div id=\"elementor-tab-content-2592\" class=\"elementor-tab-content elementor-clearfix\" data-tab=\"2\" role=\"tabpanel\" aria-labelledby=\"elementor-tab-title-2592\" tabindex=\"0\" hidden=\"hidden\"><p>\u00c9quipe des conceptrices p\u00e9dagogiques et artistique<\/p><p>P\u00f4le Innovation et Ing\u00e9nierie P\u00e9dagogique (2IP) \u2013 La Fabrique \u00e0 I.D. (F\u00e0ID)<\/p><p>D\u00e9l\u00e9gation R\u00e9gionale Acad\u00e9mique \u00e0 la Formation Professionnelle Initiale et Continue (DRAFPIC)<\/p><p>GIP-FCIP Exp\u00e9rience<\/p><p>R\u00e9gion acad\u00e9mique des Pays de la Loire<\/p><p>Courriel : <a href=\"mailto:lafabriqueaid@ac-nantes.fr\">lafabriqueaid@ac-nantes.fr<\/a><\/p><\/div>\n\t\t\t\t\t\t\t\t\t<div class=\"elementor-tab-title elementor-tab-mobile-title\" aria-selected=\"false\" data-tab=\"3\" role=\"tab\" tabindex=\"-1\" aria-controls=\"elementor-tab-content-2593\" aria-expanded=\"false\">Alexandre TRANSON<\/div>\n\t\t\t\t\t<div id=\"elementor-tab-content-2593\" class=\"elementor-tab-content elementor-clearfix\" data-tab=\"3\" role=\"tabpanel\" aria-labelledby=\"elementor-tab-title-2593\" tabindex=\"0\" hidden=\"hidden\"><p>Conseiller en Formation Professionnelle (CFP)<\/p><p>P\u00f4le Innovation et Ing\u00e9nierie P\u00e9dagogique (2IP) \u2013 La Fabrique \u00e0 I.D. (F\u00e0ID)<\/p><p>D\u00e9l\u00e9gation R\u00e9gionale Acad\u00e9mique \u00e0 la Formation Professionnelle Initiale et Continue (DRAFPIC)<\/p><p>GIP-FCIP Exp\u00e9rience<\/p><p>R\u00e9gion acad\u00e9mique des Pays de la Loire<\/p><p>Courriel : <a href=\"mailto:alexandre.transon@ac-nantes.fr\">alexandre.transon@ac-nantes.fr<\/a><\/p><\/div>\n\t\t\t\t\t\t\t\t\t<div class=\"elementor-tab-title elementor-tab-mobile-title\" aria-selected=\"false\" data-tab=\"4\" role=\"tab\" tabindex=\"-1\" aria-controls=\"elementor-tab-content-2594\" aria-expanded=\"false\">Elsa GOUJARD<\/div>\n\t\t\t\t\t<div id=\"elementor-tab-content-2594\" class=\"elementor-tab-content elementor-clearfix\" data-tab=\"4\" role=\"tabpanel\" aria-labelledby=\"elementor-tab-title-2594\" tabindex=\"0\" hidden=\"hidden\"><p>Coordinatrice et formatrice au CASNAV de Nantes<\/p><p>Centre Acad\u00e9mique pour la Scolarisation des \u00c9l\u00e8ves Allophones Nouvellement Arriv\u00e9s (EANA) et des enfants issus de familles itin\u00e9rantes et de Voyage (EFIV) (CASNAV)<\/p><p>R\u00e9gion acad\u00e9mique des Pays de la Loire<\/p><p>Courriel : <a href=\"mailto:elsa-agathe.goujard@ac-nantes.fr\">elsa-agathe.goujard@ac-nantes.fr<\/a><\/p><\/div>\n\t\t\t\t\t\t\t\t\t<div class=\"elementor-tab-title elementor-tab-mobile-title\" aria-selected=\"false\" data-tab=\"5\" role=\"tab\" tabindex=\"-1\" aria-controls=\"elementor-tab-content-2595\" aria-expanded=\"false\">Colombe LAFORET<\/div>\n\t\t\t\t\t<div id=\"elementor-tab-content-2595\" class=\"elementor-tab-content elementor-clearfix\" data-tab=\"5\" role=\"tabpanel\" aria-labelledby=\"elementor-tab-title-2595\" tabindex=\"0\" hidden=\"hidden\"><p>Charg\u00e9e de mission \u00ab\u00a0Formation et insertion\u00a0\u00bb \u00e0 la DAPSI<\/p><p>D\u00e9l\u00e9gation Acad\u00e9mique \u00e0 la Pers\u00e9v\u00e9rance Scolaire et \u00e0 l&rsquo;Insertion (DAPSI)<\/p><p>D\u00e9l\u00e9gation R\u00e9gionale Acad\u00e9mique \u00e0 la Formation Professionnelle Initiale et Continue (DRAFPIC)<\/p><p>GIP-FCIP Exp\u00e9rience<\/p><p>R\u00e9gion acad\u00e9mique des Pays de la Loire<\/p><p>Courriel : <a href=\"mailto:colombe.laforet@ac-nantes.fr\">colombe.laforet@ac-nantes.fr<\/a><\/p><\/div>\n\t\t\t\t\t\t\t\t\t<div class=\"elementor-tab-title elementor-tab-mobile-title\" aria-selected=\"false\" data-tab=\"6\" role=\"tab\" tabindex=\"-1\" aria-controls=\"elementor-tab-content-2596\" aria-expanded=\"false\">Philippe DERRIEN<\/div>\n\t\t\t\t\t<div id=\"elementor-tab-content-2596\" class=\"elementor-tab-content elementor-clearfix\" data-tab=\"6\" role=\"tabpanel\" aria-labelledby=\"elementor-tab-title-2596\" tabindex=\"0\" hidden=\"hidden\"><p>Charg\u00e9 de mission &#8211; Financement Europ\u00e9en<\/p><p>D\u00e9l\u00e9gation R\u00e9gionale Acad\u00e9mique \u00e0 la Formation Professionnelle Initiale et Continue (DRAFPIC)<\/p><p>GIP-FCIP Exp\u00e9rience<\/p><p>R\u00e9gion acad\u00e9mique des Pays de la Loire<\/p><p>Courriel : <a href=\"mailto:philippe-m.derrien@ac-nantes.fr\" target=\"_blank\" rel=\"noopener\">philippe-m.derrien@ac-nantes.fr<\/a><\/p><\/div>\n\t\t\t\t\t\t\t\t\t<div class=\"elementor-tab-title elementor-tab-mobile-title\" aria-selected=\"false\" data-tab=\"7\" role=\"tab\" tabindex=\"-1\" aria-controls=\"elementor-tab-content-2597\" aria-expanded=\"false\">P\u00f4le TIC<\/div>\n\t\t\t\t\t<div id=\"elementor-tab-content-2597\" class=\"elementor-tab-content elementor-clearfix\" data-tab=\"7\" role=\"tabpanel\" aria-labelledby=\"elementor-tab-title-2597\" tabindex=\"0\" hidden=\"hidden\"><p>\u00c9quipe des d\u00e9veloppeurs et techniciens informatiques<\/p><p>D\u00e9l\u00e9gation R\u00e9gionale Acad\u00e9mique \u00e0 la Formation Professionnelle Initiale et Continue (DRAFPIC)<\/p><p>GIP-FCIP Exp\u00e9rience<\/p><p>R\u00e9gion acad\u00e9mique des Pays de la Loire<\/p><p>Courriel : <a href=\"mailto:drafpic.tic@ac-nantes.fr\">drafpic.tic@ac-nantes.fr<\/a><\/p><\/div>\n\t\t\t\t\t\t\t<\/div>\n\t\t<\/div>\n\t\t\t\t\t\t<\/div>\n\t\t\t\t<\/div>\n\t\t\t\t\t<\/div>\n\t\t\t\t<\/div>\n\t\t\t\t<\/div>\n\t\t","protected":false},"excerpt":{"rendered":"<div class=\"entry-summary\">\nLe 30 juin 2023, un appel \u00e0 projet europ\u00e9en d\u2019un montant de 135.000\u20ac a \u00e9t\u00e9 lanc\u00e9 par la R\u00e9gion Pays de la Loire. Intitul\u00e9 \u00ab Am\u00e9liorer la qualit\u00e9, le caract\u00e8re inclusif et l\u2019efficacit\u00e9 des syst\u00e8mes d\u2019\u00e9ducation\/formation et promouvoir la mise&hellip;\n<\/div>\n<div class=\"link-more\"><a href=\"https:\/\/fse.gipexperience.fr\/\" class=\"more-link\">Continue reading<span class=\"screen-reader-text\"> &ldquo;Qu&rsquo;est-ce que le P.E.I ?&rdquo;<\/span>&hellip;<\/a><\/div>\n","protected":false},"author":3,"featured_media":0,"parent":0,"menu_order":0,"comment_status":"closed","ping_status":"closed","template":"","meta":{"footnotes":""},"class_list":["post-112","page","type-page","status-publish","hentry","entry"],"_links":{"self":[{"href":"https:\/\/fse.gipexperience.fr\/index.php\/wp-json\/wp\/v2\/pages\/112","targetHints":{"allow":["GET"]}}],"collection":[{"href":"https:\/\/fse.gipexperience.fr\/index.php\/wp-json\/wp\/v2\/pages"}],"about":[{"href":"https:\/\/fse.gipexperience.fr\/index.php\/wp-json\/wp\/v2\/types\/page"}],"author":[{"embeddable":true,"href":"https:\/\/fse.gipexperience.fr\/index.php\/wp-json\/wp\/v2\/users\/3"}],"replies":[{"embeddable":true,"href":"https:\/\/fse.gipexperience.fr\/index.php\/wp-json\/wp\/v2\/comments?post=112"}],"version-history":[{"count":150,"href":"https:\/\/fse.gipexperience.fr\/index.php\/wp-json\/wp\/v2\/pages\/112\/revisions"}],"predecessor-version":[{"id":1899,"href":"https:\/\/fse.gipexperience.fr\/index.php\/wp-json\/wp\/v2\/pages\/112\/revisions\/1899"}],"wp:attachment":[{"href":"https:\/\/fse.gipexperience.fr\/index.php\/wp-json\/wp\/v2\/media?parent=112"}],"curies":[{"name":"wp","href":"https:\/\/api.w.org\/{rel}","templated":true}]}}