{"id":1149,"date":"2024-03-18T11:26:25","date_gmt":"2024-03-18T10:26:25","guid":{"rendered":"https:\/\/fse.gipexperience.fr\/?page_id=1149"},"modified":"2025-03-13T12:44:32","modified_gmt":"2025-03-13T11:44:32","slug":"le-vrai-chantier-des-cap-peinture-au-lycee","status":"publish","type":"page","link":"https:\/\/fse.gipexperience.fr\/index.php\/le-vrai-chantier-des-cap-peinture-au-lycee\/","title":{"rendered":"Article Ouest France &#8211; 15\/03\/2024"},"content":{"rendered":"\t\t<div data-elementor-type=\"wp-page\" data-elementor-id=\"1149\" class=\"elementor elementor-1149\">\n\t\t\t\t<div class=\"elementor-element elementor-element-efdea1f e-flex e-con-boxed wpr-particle-no wpr-jarallax-no wpr-parallax-no wpr-sticky-section-no e-con e-parent\" data-id=\"efdea1f\" data-element_type=\"container\">\n\t\t\t\t\t<div class=\"e-con-inner\">\n\t\t\t\t<div class=\"elementor-element elementor-element-151aa00 elementor-widget elementor-widget-text-editor\" data-id=\"151aa00\" data-element_type=\"widget\" data-widget_type=\"text-editor.default\">\n\t\t\t\t<div class=\"elementor-widget-container\">\n\t\t\t\t\t\t\t\t\t<p>Article Ouest France (\u00e9dition St Nazaire) du 15 mars 2024 par Florence LAMBERT.<\/p>\t\t\t\t\t\t\t\t<\/div>\n\t\t\t\t<\/div>\n\t\t\t\t<div class=\"elementor-element elementor-element-893c08a elementor-widget elementor-widget-text-editor\" data-id=\"893c08a\" data-element_type=\"widget\" data-widget_type=\"text-editor.default\">\n\t\t\t\t<div class=\"elementor-widget-container\">\n\t\t\t\t\t\t\t\t\t<p>Les \u00e9l\u00e8ves de 2\u00e8me ann\u00e9e de CAP peinture au lyc\u00e9e Boulloche ont r\u00e9alis\u00e9 une fresque. Une application concr\u00e8te de leur formation.<\/p>\t\t\t\t\t\t\t\t<\/div>\n\t\t\t\t<\/div>\n\t\t\t\t<div class=\"elementor-element elementor-element-29f1f56 elementor-widget elementor-widget-spacer\" data-id=\"29f1f56\" data-element_type=\"widget\" data-widget_type=\"spacer.default\">\n\t\t\t\t<div class=\"elementor-widget-container\">\n\t\t\t\t\t\t\t<div class=\"elementor-spacer\">\n\t\t\t<div class=\"elementor-spacer-inner\"><\/div>\n\t\t<\/div>\n\t\t\t\t\t\t<\/div>\n\t\t\t\t<\/div>\n\t\t\t\t<div class=\"elementor-element elementor-element-259a759 elementor-align-justify elementor-widget elementor-widget-button\" data-id=\"259a759\" data-element_type=\"widget\" data-widget_type=\"button.default\">\n\t\t\t\t<div class=\"elementor-widget-container\">\n\t\t\t\t\t\t\t\t\t<div class=\"elementor-button-wrapper\">\n\t\t\t\t\t<a class=\"elementor-button elementor-button-link elementor-size-sm\" href=\"http:\/\/fse.gipexperience.fr\/wp-content\/uploads\/2024\/03\/Journal-Ouest-France-Saint-Nazaire-La-Baule-Guerande-_-Vendredi-15-mars-2024.pdf\" target=\"_blank\" id=\"art. OF 23.01.24\">\n\t\t\t\t\t\t<span class=\"elementor-button-content-wrapper\">\n\t\t\t\t\t\t\t\t\t<span class=\"elementor-button-text\">Cliquez ici pour acc\u00e9der \u00e0 l'article<\/span>\n\t\t\t\t\t<\/span>\n\t\t\t\t\t<\/a>\n\t\t\t\t<\/div>\n\t\t\t\t\t\t\t\t<\/div>\n\t\t\t\t<\/div>\n\t\t\t\t\t<\/div>\n\t\t\t\t<\/div>\n\t\t\t\t<\/div>\n\t\t","protected":false},"excerpt":{"rendered":"<div class=\"entry-summary\">\nArticle Ouest France (\u00e9dition St Nazaire) du 15 mars 2024 par Florence LAMBERT. Les \u00e9l\u00e8ves de 2\u00e8me ann\u00e9e de CAP peinture au lyc\u00e9e Boulloche ont r\u00e9alis\u00e9 une fresque. Une application concr\u00e8te de leur formation. Cliquez ici pour acc\u00e9der \u00e0 l&rsquo;article\n<\/div>\n<div class=\"link-more\"><a href=\"https:\/\/fse.gipexperience.fr\/index.php\/le-vrai-chantier-des-cap-peinture-au-lycee\/\" class=\"more-link\">Continue reading<span class=\"screen-reader-text\"> &ldquo;Article Ouest France &#8211; 15\/03\/2024&rdquo;<\/span>&hellip;<\/a><\/div>\n","protected":false},"author":3,"featured_media":0,"parent":0,"menu_order":0,"comment_status":"closed","ping_status":"closed","template":"","meta":{"footnotes":""},"class_list":["post-1149","page","type-page","status-publish","hentry","entry"],"_links":{"self":[{"href":"https:\/\/fse.gipexperience.fr\/index.php\/wp-json\/wp\/v2\/pages\/1149","targetHints":{"allow":["GET"]}}],"collection":[{"href":"https:\/\/fse.gipexperience.fr\/index.php\/wp-json\/wp\/v2\/pages"}],"about":[{"href":"https:\/\/fse.gipexperience.fr\/index.php\/wp-json\/wp\/v2\/types\/page"}],"author":[{"embeddable":true,"href":"https:\/\/fse.gipexperience.fr\/index.php\/wp-json\/wp\/v2\/users\/3"}],"replies":[{"embeddable":true,"href":"https:\/\/fse.gipexperience.fr\/index.php\/wp-json\/wp\/v2\/comments?post=1149"}],"version-history":[{"count":20,"href":"https:\/\/fse.gipexperience.fr\/index.php\/wp-json\/wp\/v2\/pages\/1149\/revisions"}],"predecessor-version":[{"id":1790,"href":"https:\/\/fse.gipexperience.fr\/index.php\/wp-json\/wp\/v2\/pages\/1149\/revisions\/1790"}],"wp:attachment":[{"href":"https:\/\/fse.gipexperience.fr\/index.php\/wp-json\/wp\/v2\/media?parent=1149"}],"curies":[{"name":"wp","href":"https:\/\/api.w.org\/{rel}","templated":true}]}}