{"id":1258,"date":"2024-04-16T11:23:48","date_gmt":"2024-04-16T09:23:48","guid":{"rendered":"https:\/\/fse.gipexperience.fr\/?page_id=1258"},"modified":"2025-03-25T15:45:47","modified_gmt":"2025-03-25T14:45:47","slug":"quid-des-donnees-2","status":"publish","type":"page","link":"https:\/\/fse.gipexperience.fr\/index.php\/quid-des-donnees-2\/","title":{"rendered":"Atelier de retour d&rsquo;exp\u00e9rience"},"content":{"rendered":"\t\t<div data-elementor-type=\"wp-page\" data-elementor-id=\"1258\" class=\"elementor elementor-1258\">\n\t\t\t\t<div class=\"elementor-element elementor-element-44d9f86 e-flex e-con-boxed wpr-particle-no wpr-jarallax-no wpr-parallax-no wpr-sticky-section-no e-con e-parent\" data-id=\"44d9f86\" data-element_type=\"container\">\n\t\t\t\t\t<div class=\"e-con-inner\">\n\t\t\t\t<div class=\"elementor-element elementor-element-65cb832 elementor-widget elementor-widget-text-editor\" data-id=\"65cb832\" data-element_type=\"widget\" data-widget_type=\"text-editor.default\">\n\t\t\t\t<div class=\"elementor-widget-container\">\n\t\t\t\t\t\t\t\t\t<p>L&rsquo;atelier de retour de formation, intitul\u00e9 \u00ab Moi, mes pratiques et celles des autres enseignants \u00bb, a eu lieu le 12 avril 2024 en pr\u00e9sentiel dans les locaux du GRETA-CFA Loire-Atlantique, site de Saint-Nazaire.\u00a0<\/p>\t\t\t\t\t\t\t\t<\/div>\n\t\t\t\t<\/div>\n\t\t\t\t\t<\/div>\n\t\t\t\t<\/div>\n\t\t\t\t<section class=\"elementor-section elementor-top-section elementor-element elementor-element-06e5b01 elementor-section-boxed elementor-section-height-default elementor-section-height-default wpr-particle-no wpr-jarallax-no wpr-parallax-no wpr-sticky-section-no\" data-id=\"06e5b01\" data-element_type=\"section\">\n\t\t\t\t\t\t<div class=\"elementor-container elementor-column-gap-default\">\n\t\t\t\t\t<div class=\"elementor-column elementor-col-100 elementor-top-column elementor-element elementor-element-123464b\" data-id=\"123464b\" data-element_type=\"column\">\n\t\t\t<div class=\"elementor-widget-wrap elementor-element-populated\">\n\t\t\t\t\t\t<section class=\"elementor-section elementor-inner-section elementor-element elementor-element-8bf1162 elementor-section-boxed elementor-section-height-default elementor-section-height-default wpr-particle-no wpr-jarallax-no wpr-parallax-no wpr-sticky-section-no\" data-id=\"8bf1162\" data-element_type=\"section\">\n\t\t\t\t\t\t<div class=\"elementor-container elementor-column-gap-default\">\n\t\t\t\t\t<div class=\"elementor-column elementor-col-50 elementor-inner-column elementor-element elementor-element-facfdc9\" data-id=\"facfdc9\" data-element_type=\"column\">\n\t\t\t<div class=\"elementor-widget-wrap elementor-element-populated\">\n\t\t\t\t\t\t<div class=\"elementor-element elementor-element-6c413e0 elementor-widget elementor-widget-spacer\" data-id=\"6c413e0\" data-element_type=\"widget\" data-widget_type=\"spacer.default\">\n\t\t\t\t<div class=\"elementor-widget-container\">\n\t\t\t\t\t\t\t<div class=\"elementor-spacer\">\n\t\t\t<div class=\"elementor-spacer-inner\"><\/div>\n\t\t<\/div>\n\t\t\t\t\t\t<\/div>\n\t\t\t\t<\/div>\n\t\t\t\t<div class=\"elementor-element elementor-element-2a446ab elementor-widget elementor-widget-text-editor\" data-id=\"2a446ab\" data-element_type=\"widget\" data-widget_type=\"text-editor.default\">\n\t\t\t\t<div class=\"elementor-widget-container\">\n\t\t\t\t\t\t\t\t\t<p>Gr\u00e2ce \u00e0 cet atelier, les enseignants et formateurs ont eu l\u2019opportunit\u00e9 de partager leurs exp\u00e9riences autour d\u2019une th\u00e9matique centrale : l\u2019agir professoral (Circurel, 2013 ; Sch\u00f6n, 1994 et Moreno, 2018).\u00a0<\/p>\t\t\t\t\t\t\t\t<\/div>\n\t\t\t\t<\/div>\n\t\t\t\t\t<\/div>\n\t\t<\/div>\n\t\t\t\t<div class=\"elementor-column elementor-col-50 elementor-inner-column elementor-element elementor-element-5a4d0f1\" data-id=\"5a4d0f1\" data-element_type=\"column\">\n\t\t\t<div class=\"elementor-widget-wrap elementor-element-populated\">\n\t\t\t\t\t\t<div class=\"elementor-element elementor-element-9c2799d elementor-widget elementor-widget-image\" data-id=\"9c2799d\" data-element_type=\"widget\" data-widget_type=\"image.default\">\n\t\t\t\t<div class=\"elementor-widget-container\">\n\t\t\t\t\t\t\t\t\t\t\t\t\t\t\t<img fetchpriority=\"high\" decoding=\"async\" width=\"1024\" height=\"683\" src=\"https:\/\/fse.gipexperience.fr\/wp-content\/uploads\/2024\/04\/IMG_0122-scaled-1-1024x683.jpg\" class=\"attachment-large size-large wp-image-1260\" alt=\"photo de groupe de l&#039;atelier de retour d&#039;exp\u00e9rience\" srcset=\"https:\/\/fse.gipexperience.fr\/wp-content\/uploads\/2024\/04\/IMG_0122-scaled-1-1024x683.jpg 1024w, https:\/\/fse.gipexperience.fr\/wp-content\/uploads\/2024\/04\/IMG_0122-scaled-1-300x200.jpg 300w, https:\/\/fse.gipexperience.fr\/wp-content\/uploads\/2024\/04\/IMG_0122-scaled-1-768x512.jpg 768w, https:\/\/fse.gipexperience.fr\/wp-content\/uploads\/2024\/04\/IMG_0122-scaled-1-1536x1024.jpg 1536w, https:\/\/fse.gipexperience.fr\/wp-content\/uploads\/2024\/04\/IMG_0122-scaled-1-2048x1366.jpg 2048w\" sizes=\"(max-width: 1024px) 100vw, 1024px\" \/>\t\t\t\t\t\t\t\t\t\t\t\t\t\t\t<\/div>\n\t\t\t\t<\/div>\n\t\t\t\t\t<\/div>\n\t\t<\/div>\n\t\t\t\t\t<\/div>\n\t\t<\/section>\n\t\t\t\t<section class=\"elementor-section elementor-inner-section elementor-element elementor-element-cee0241 elementor-section-boxed elementor-section-height-default elementor-section-height-default wpr-particle-no wpr-jarallax-no wpr-parallax-no wpr-sticky-section-no\" data-id=\"cee0241\" data-element_type=\"section\">\n\t\t\t\t\t\t<div class=\"elementor-container elementor-column-gap-default\">\n\t\t\t\t\t<div class=\"elementor-column elementor-col-50 elementor-inner-column elementor-element elementor-element-abd123f\" data-id=\"abd123f\" data-element_type=\"column\">\n\t\t\t<div class=\"elementor-widget-wrap elementor-element-populated\">\n\t\t\t\t\t\t<div class=\"elementor-element elementor-element-8aada3d elementor-widget elementor-widget-image\" data-id=\"8aada3d\" data-element_type=\"widget\" data-widget_type=\"image.default\">\n\t\t\t\t<div class=\"elementor-widget-container\">\n\t\t\t\t\t\t\t\t\t\t\t\t\t\t\t<img decoding=\"async\" width=\"1024\" height=\"683\" src=\"https:\/\/fse.gipexperience.fr\/wp-content\/uploads\/2024\/04\/IMG_0112-scaled-1-1024x683.jpg\" class=\"attachment-large size-large wp-image-1261\" alt=\"photo de l&#039;atelier de retour d&#039;exp\u00e9rience\" srcset=\"https:\/\/fse.gipexperience.fr\/wp-content\/uploads\/2024\/04\/IMG_0112-scaled-1-1024x683.jpg 1024w, https:\/\/fse.gipexperience.fr\/wp-content\/uploads\/2024\/04\/IMG_0112-scaled-1-300x200.jpg 300w, https:\/\/fse.gipexperience.fr\/wp-content\/uploads\/2024\/04\/IMG_0112-scaled-1-768x512.jpg 768w, https:\/\/fse.gipexperience.fr\/wp-content\/uploads\/2024\/04\/IMG_0112-scaled-1-1536x1024.jpg 1536w, https:\/\/fse.gipexperience.fr\/wp-content\/uploads\/2024\/04\/IMG_0112-scaled-1-2048x1366.jpg 2048w\" sizes=\"(max-width: 1024px) 100vw, 1024px\" \/>\t\t\t\t\t\t\t\t\t\t\t\t\t\t\t<\/div>\n\t\t\t\t<\/div>\n\t\t\t\t\t<\/div>\n\t\t<\/div>\n\t\t\t\t<div class=\"elementor-column elementor-col-50 elementor-inner-column elementor-element elementor-element-8826e95\" data-id=\"8826e95\" data-element_type=\"column\">\n\t\t\t<div class=\"elementor-widget-wrap elementor-element-populated\">\n\t\t\t\t\t\t<div class=\"elementor-element elementor-element-6db960a elementor-widget elementor-widget-spacer\" data-id=\"6db960a\" data-element_type=\"widget\" data-widget_type=\"spacer.default\">\n\t\t\t\t<div class=\"elementor-widget-container\">\n\t\t\t\t\t\t\t<div class=\"elementor-spacer\">\n\t\t\t<div class=\"elementor-spacer-inner\"><\/div>\n\t\t<\/div>\n\t\t\t\t\t\t<\/div>\n\t\t\t\t<\/div>\n\t\t\t\t<div class=\"elementor-element elementor-element-9014832 elementor-widget__width-initial elementor-widget elementor-widget-text-editor\" data-id=\"9014832\" data-element_type=\"widget\" data-widget_type=\"text-editor.default\">\n\t\t\t\t<div class=\"elementor-widget-container\">\n\t\t\t\t\t\t\t\t\t<p><span style=\"color: var( --e-global-color-text ); font-weight: var( --e-global-typography-text-font-weight ); text-align: var(--text-align); background-color: var(--color_content_background); font-size: var(--typography_size_html);\">Dans un premier temps, les enseignants ont pu faire connaissance et d\u00e9crire le contexte d\u2019enseignement-apprentissage qu\u2019ils avaient choisi pour la s\u00e9ance film\u00e9e. Ensuite, les avancements et les r\u00e9sultats de la collecte des donn\u00e9es (entretiens de post-observation et grilles d\u2019observation de s\u00e9ances) ont \u00e9t\u00e9 pr\u00e9sent\u00e9s. Cette pr\u00e9sentation avait pour objectif d\u2019\u00e9clairer la d\u00e9marche scientifique adopt\u00e9e dans ce projet collaboratif et de familiariser les participants avec les analyses effectu\u00e9es.<\/span><\/p>\t\t\t\t\t\t\t\t<\/div>\n\t\t\t\t<\/div>\n\t\t\t\t\t<\/div>\n\t\t<\/div>\n\t\t\t\t\t<\/div>\n\t\t<\/section>\n\t\t\t\t<section class=\"elementor-section elementor-inner-section elementor-element elementor-element-cebd15a elementor-section-boxed elementor-section-height-default elementor-section-height-default wpr-particle-no wpr-jarallax-no wpr-parallax-no wpr-sticky-section-no\" data-id=\"cebd15a\" data-element_type=\"section\">\n\t\t\t\t\t\t<div class=\"elementor-container elementor-column-gap-default\">\n\t\t\t\t\t<div class=\"elementor-column elementor-col-50 elementor-inner-column elementor-element elementor-element-8dd75ba\" data-id=\"8dd75ba\" data-element_type=\"column\">\n\t\t\t<div class=\"elementor-widget-wrap elementor-element-populated\">\n\t\t\t\t\t\t<div class=\"elementor-element elementor-element-7be96a2 elementor-widget elementor-widget-spacer\" data-id=\"7be96a2\" data-element_type=\"widget\" data-widget_type=\"spacer.default\">\n\t\t\t\t<div class=\"elementor-widget-container\">\n\t\t\t\t\t\t\t<div class=\"elementor-spacer\">\n\t\t\t<div class=\"elementor-spacer-inner\"><\/div>\n\t\t<\/div>\n\t\t\t\t\t\t<\/div>\n\t\t\t\t<\/div>\n\t\t\t\t<div class=\"elementor-element elementor-element-54f4322 elementor-widget elementor-widget-text-editor\" data-id=\"54f4322\" data-element_type=\"widget\" data-widget_type=\"text-editor.default\">\n\t\t\t\t<div class=\"elementor-widget-container\">\n\t\t\t\t\t\t\t\t\t<p style=\"margin-bottom: 30px;\">Dans un deuxi\u00e8me temps, l\u2019atelier est devenu un espace de r\u00e9flexion et d\u2019\u00e9changes autour du ressenti des enseignants en lien avec la gestion des classes h\u00e9t\u00e9rog\u00e8nes. Les \u00e9l\u00e9ments \u00e9voqu\u00e9s lors de ce moment renvoient principalement \u00e0 la n\u00e9cessit\u00e9 d\u2019adapter leurs enseignements sur des p\u00e9riodes courtes, avec des exigences administratives et acad\u00e9miques de plus en plus nombreuses, ainsi qu\u2019\u00e0 la peur de ne pas r\u00e9ussir \u00e0 offrir un accompagnement acad\u00e9mique de qualit\u00e9.<\/p>\t\t\t\t\t\t\t\t<\/div>\n\t\t\t\t<\/div>\n\t\t\t\t\t<\/div>\n\t\t<\/div>\n\t\t\t\t<div class=\"elementor-column elementor-col-50 elementor-inner-column elementor-element elementor-element-2f287fe\" data-id=\"2f287fe\" data-element_type=\"column\">\n\t\t\t<div class=\"elementor-widget-wrap elementor-element-populated\">\n\t\t\t\t\t\t<div class=\"elementor-element elementor-element-e483913 elementor-widget elementor-widget-image\" data-id=\"e483913\" data-element_type=\"widget\" data-widget_type=\"image.default\">\n\t\t\t\t<div class=\"elementor-widget-container\">\n\t\t\t\t\t\t\t\t\t\t\t\t\t\t\t<img decoding=\"async\" width=\"1024\" height=\"683\" src=\"https:\/\/fse.gipexperience.fr\/wp-content\/uploads\/2024\/04\/IMG_0102-scaled-1-1024x683.jpg\" class=\"attachment-large size-large wp-image-1262\" alt=\"photo de l&#039;atelier de retour d&#039;exp\u00e9rience\" srcset=\"https:\/\/fse.gipexperience.fr\/wp-content\/uploads\/2024\/04\/IMG_0102-scaled-1-1024x683.jpg 1024w, https:\/\/fse.gipexperience.fr\/wp-content\/uploads\/2024\/04\/IMG_0102-scaled-1-300x200.jpg 300w, https:\/\/fse.gipexperience.fr\/wp-content\/uploads\/2024\/04\/IMG_0102-scaled-1-768x512.jpg 768w, https:\/\/fse.gipexperience.fr\/wp-content\/uploads\/2024\/04\/IMG_0102-scaled-1-1536x1024.jpg 1536w, https:\/\/fse.gipexperience.fr\/wp-content\/uploads\/2024\/04\/IMG_0102-scaled-1-2048x1366.jpg 2048w\" sizes=\"(max-width: 1024px) 100vw, 1024px\" \/>\t\t\t\t\t\t\t\t\t\t\t\t\t\t\t<\/div>\n\t\t\t\t<\/div>\n\t\t\t\t\t<\/div>\n\t\t<\/div>\n\t\t\t\t\t<\/div>\n\t\t<\/section>\n\t\t\t\t<section class=\"elementor-section elementor-inner-section elementor-element elementor-element-72682d7 elementor-section-boxed elementor-section-height-default elementor-section-height-default wpr-particle-no wpr-jarallax-no wpr-parallax-no wpr-sticky-section-no\" data-id=\"72682d7\" data-element_type=\"section\">\n\t\t\t\t\t\t<div class=\"elementor-container elementor-column-gap-default\">\n\t\t\t\t\t<div class=\"elementor-column elementor-col-50 elementor-inner-column elementor-element elementor-element-f20bbcc\" data-id=\"f20bbcc\" data-element_type=\"column\">\n\t\t\t<div class=\"elementor-widget-wrap elementor-element-populated\">\n\t\t\t\t\t\t<div class=\"elementor-element elementor-element-a2fda64 elementor-widget elementor-widget-image\" data-id=\"a2fda64\" data-element_type=\"widget\" data-widget_type=\"image.default\">\n\t\t\t\t<div class=\"elementor-widget-container\">\n\t\t\t\t\t\t\t\t\t\t\t\t\t\t\t<img loading=\"lazy\" decoding=\"async\" width=\"1024\" height=\"683\" src=\"https:\/\/fse.gipexperience.fr\/wp-content\/uploads\/2024\/04\/IMG_0093-scaled-1-1024x683.jpg\" class=\"attachment-large size-large wp-image-1263\" alt=\"photo de l&#039;atelier de retour d&#039;exp\u00e9rience\" srcset=\"https:\/\/fse.gipexperience.fr\/wp-content\/uploads\/2024\/04\/IMG_0093-scaled-1-1024x683.jpg 1024w, https:\/\/fse.gipexperience.fr\/wp-content\/uploads\/2024\/04\/IMG_0093-scaled-1-300x200.jpg 300w, https:\/\/fse.gipexperience.fr\/wp-content\/uploads\/2024\/04\/IMG_0093-scaled-1-768x512.jpg 768w, https:\/\/fse.gipexperience.fr\/wp-content\/uploads\/2024\/04\/IMG_0093-scaled-1-1536x1024.jpg 1536w, https:\/\/fse.gipexperience.fr\/wp-content\/uploads\/2024\/04\/IMG_0093-scaled-1-2048x1366.jpg 2048w\" sizes=\"(max-width: 1024px) 100vw, 1024px\" \/>\t\t\t\t\t\t\t\t\t\t\t\t\t\t\t<\/div>\n\t\t\t\t<\/div>\n\t\t\t\t\t<\/div>\n\t\t<\/div>\n\t\t\t\t<div class=\"elementor-column elementor-col-50 elementor-inner-column elementor-element elementor-element-bf834dd\" data-id=\"bf834dd\" data-element_type=\"column\">\n\t\t\t<div class=\"elementor-widget-wrap elementor-element-populated\">\n\t\t\t\t\t\t<div class=\"elementor-element elementor-element-546a469 elementor-widget elementor-widget-text-editor\" data-id=\"546a469\" data-element_type=\"widget\" data-widget_type=\"text-editor.default\">\n\t\t\t\t<div class=\"elementor-widget-container\">\n\t\t\t\t\t\t\t\t\t<p style=\"margin-bottom: 30px;\"><span style=\"color: var( --e-global-color-text ); font-weight: var( --e-global-typography-text-font-weight ); text-align: var(--text-align); background-color: var(--color_content_background); font-size: var(--typography_size_html);\">Les enseignants et formateurs ont ensuite \u00e9t\u00e9 invit\u00e9s \u00e0 approfondir l\u2019analyse des \u00e9l\u00e9ments marquants des s\u00e9ances observ\u00e9es. La discussion s\u2019est d\u00e9roul\u00e9e autour d\u2019une s\u00e9lection de dispositifs didactiques et d\u2019outils p\u00e9dagogiques transversaux aux diff\u00e9rents niveaux d\u2019enseignement et aux disciplines, mobilis\u00e9s par les enseignants et les formateurs avec leurs groupes-classes. Cet espace de r\u00e9flexion a permis d\u2019identifier les avantages et les inconv\u00e9nients des dispositifs\/outils utilis\u00e9s et d\u2019explorer d\u2019autres \u00ab mani\u00e8res d\u2019enseigner \u00bb.<\/span><\/p>\t\t\t\t\t\t\t\t<\/div>\n\t\t\t\t<\/div>\n\t\t\t\t\t<\/div>\n\t\t<\/div>\n\t\t\t\t\t<\/div>\n\t\t<\/section>\n\t\t\t\t<section class=\"elementor-section elementor-inner-section elementor-element elementor-element-34d9c1b elementor-section-boxed elementor-section-height-default elementor-section-height-default wpr-particle-no wpr-jarallax-no wpr-parallax-no wpr-sticky-section-no\" data-id=\"34d9c1b\" data-element_type=\"section\">\n\t\t\t\t\t\t<div class=\"elementor-container elementor-column-gap-default\">\n\t\t\t\t\t<div class=\"elementor-column elementor-col-50 elementor-inner-column elementor-element elementor-element-968ccde\" data-id=\"968ccde\" data-element_type=\"column\">\n\t\t\t<div class=\"elementor-widget-wrap elementor-element-populated\">\n\t\t\t\t\t\t<div class=\"elementor-element elementor-element-8a46f85 elementor-widget elementor-widget-spacer\" data-id=\"8a46f85\" data-element_type=\"widget\" data-widget_type=\"spacer.default\">\n\t\t\t\t<div class=\"elementor-widget-container\">\n\t\t\t\t\t\t\t<div class=\"elementor-spacer\">\n\t\t\t<div class=\"elementor-spacer-inner\"><\/div>\n\t\t<\/div>\n\t\t\t\t\t\t<\/div>\n\t\t\t\t<\/div>\n\t\t\t\t<div class=\"elementor-element elementor-element-b3b7562 elementor-widget elementor-widget-text-editor\" data-id=\"b3b7562\" data-element_type=\"widget\" data-widget_type=\"text-editor.default\">\n\t\t\t\t<div class=\"elementor-widget-container\">\n\t\t\t\t\t\t\t\t\t<p>Par ailleurs, les \u00e9changes informels qui ont eu lieu lors de ce premier atelier ont permis de constater que la cr\u00e9ation d\u2019espaces de partage d\u2019exp\u00e9rience ne favorise pas seulement la d\u00e9couverte d\u2019autres ressources mobilis\u00e9es en contexte scolaire, mais aussi la r\u00e9flexion sur la configuration des enseignements, la diversification et la multiplication des voies d\u2019acc\u00e8s et de partage des connaissances.<\/p>\t\t\t\t\t\t\t\t<\/div>\n\t\t\t\t<\/div>\n\t\t\t\t\t<\/div>\n\t\t<\/div>\n\t\t\t\t<div class=\"elementor-column elementor-col-50 elementor-inner-column elementor-element elementor-element-df398df\" data-id=\"df398df\" data-element_type=\"column\">\n\t\t\t<div class=\"elementor-widget-wrap elementor-element-populated\">\n\t\t\t\t\t\t<div class=\"elementor-element elementor-element-7547fa3 elementor-widget elementor-widget-image\" data-id=\"7547fa3\" data-element_type=\"widget\" data-widget_type=\"image.default\">\n\t\t\t\t<div class=\"elementor-widget-container\">\n\t\t\t\t\t\t\t\t\t\t\t\t\t\t\t<img loading=\"lazy\" decoding=\"async\" width=\"1024\" height=\"683\" src=\"https:\/\/fse.gipexperience.fr\/wp-content\/uploads\/2024\/04\/IMG_0100-scaled-1-1024x683.jpg\" class=\"attachment-large size-large wp-image-1264\" alt=\"photo de l&#039;atelier de retour d&#039;exp\u00e9rience\" srcset=\"https:\/\/fse.gipexperience.fr\/wp-content\/uploads\/2024\/04\/IMG_0100-scaled-1-1024x683.jpg 1024w, https:\/\/fse.gipexperience.fr\/wp-content\/uploads\/2024\/04\/IMG_0100-scaled-1-300x200.jpg 300w, https:\/\/fse.gipexperience.fr\/wp-content\/uploads\/2024\/04\/IMG_0100-scaled-1-768x512.jpg 768w, https:\/\/fse.gipexperience.fr\/wp-content\/uploads\/2024\/04\/IMG_0100-scaled-1-1536x1024.jpg 1536w, https:\/\/fse.gipexperience.fr\/wp-content\/uploads\/2024\/04\/IMG_0100-scaled-1-2048x1366.jpg 2048w\" sizes=\"(max-width: 1024px) 100vw, 1024px\" \/>\t\t\t\t\t\t\t\t\t\t\t\t\t\t\t<\/div>\n\t\t\t\t<\/div>\n\t\t\t\t\t<\/div>\n\t\t<\/div>\n\t\t\t\t\t<\/div>\n\t\t<\/section>\n\t\t\t\t\t<\/div>\n\t\t<\/div>\n\t\t\t\t\t<\/div>\n\t\t<\/section>\n\t\t\t\t<\/div>\n\t\t","protected":false},"excerpt":{"rendered":"<div class=\"entry-summary\">\nL&rsquo;atelier de retour de formation, intitul\u00e9 \u00ab Moi, mes pratiques et celles des autres enseignants \u00bb, a eu lieu le 12 avril 2024 en pr\u00e9sentiel dans les locaux du GRETA-CFA Loire-Atlantique, site de Saint-Nazaire.\u00a0 Gr\u00e2ce \u00e0 cet atelier, les enseignants&hellip;\n<\/div>\n<div class=\"link-more\"><a href=\"https:\/\/fse.gipexperience.fr\/index.php\/quid-des-donnees-2\/\" class=\"more-link\">Continue reading<span class=\"screen-reader-text\"> &ldquo;Atelier de retour d&rsquo;exp\u00e9rience&rdquo;<\/span>&hellip;<\/a><\/div>\n","protected":false},"author":5,"featured_media":0,"parent":0,"menu_order":0,"comment_status":"closed","ping_status":"closed","template":"","meta":{"footnotes":""},"class_list":["post-1258","page","type-page","status-publish","hentry","entry"],"_links":{"self":[{"href":"https:\/\/fse.gipexperience.fr\/index.php\/wp-json\/wp\/v2\/pages\/1258","targetHints":{"allow":["GET"]}}],"collection":[{"href":"https:\/\/fse.gipexperience.fr\/index.php\/wp-json\/wp\/v2\/pages"}],"about":[{"href":"https:\/\/fse.gipexperience.fr\/index.php\/wp-json\/wp\/v2\/types\/page"}],"author":[{"embeddable":true,"href":"https:\/\/fse.gipexperience.fr\/index.php\/wp-json\/wp\/v2\/users\/5"}],"replies":[{"embeddable":true,"href":"https:\/\/fse.gipexperience.fr\/index.php\/wp-json\/wp\/v2\/comments?post=1258"}],"version-history":[{"count":58,"href":"https:\/\/fse.gipexperience.fr\/index.php\/wp-json\/wp\/v2\/pages\/1258\/revisions"}],"predecessor-version":[{"id":1933,"href":"https:\/\/fse.gipexperience.fr\/index.php\/wp-json\/wp\/v2\/pages\/1258\/revisions\/1933"}],"wp:attachment":[{"href":"https:\/\/fse.gipexperience.fr\/index.php\/wp-json\/wp\/v2\/media?parent=1258"}],"curies":[{"name":"wp","href":"https:\/\/api.w.org\/{rel}","templated":true}]}}