{"id":291,"date":"2024-02-29T14:04:11","date_gmt":"2024-02-29T13:04:11","guid":{"rendered":"https:\/\/fse.gipexperience.fr\/?page_id=291"},"modified":"2025-03-25T15:41:45","modified_gmt":"2025-03-25T14:41:45","slug":"contexte","status":"publish","type":"page","link":"https:\/\/fse.gipexperience.fr\/index.php\/contexte\/","title":{"rendered":"Public cible"},"content":{"rendered":"\t\t<div data-elementor-type=\"wp-page\" data-elementor-id=\"291\" class=\"elementor elementor-291\">\n\t\t\t\t<div class=\"elementor-element elementor-element-2f16b5e e-flex e-con-boxed wpr-particle-no wpr-jarallax-no wpr-parallax-no wpr-sticky-section-no e-con e-parent\" data-id=\"2f16b5e\" data-element_type=\"container\">\n\t\t\t\t\t<div class=\"e-con-inner\">\n\t\t\t\t<div class=\"elementor-element elementor-element-baaa743 elementor-widget elementor-widget-text-editor\" data-id=\"baaa743\" data-element_type=\"widget\" data-widget_type=\"text-editor.default\">\n\t\t\t\t<div class=\"elementor-widget-container\">\n\t\t\t\t\t\t\t\t\t<p>Le bassin estuaire de la r\u00e9gion nazairienne a \u00e9t\u00e9 choisi par l\u2019\u00e9quipe projet comme terrain d&rsquo;enqu\u00eate pour le P.E.I. En effet, selon les statistiques fournies par l\u2019Observatoire de Loire-Atlantique, la r\u00e9gion nazairienne et de l\u2019estuaire compte aujourd\u2019hui \u00b1 128 800 habitants, dont 28,4 % ont<span style=\"font-weight: var( --e-global-typography-text-font-weight ); background-color: var(--color_content_background); font-size: var(--typography_size_html);\">\u00a0moins de 25 ans\u00a0<\/span><span style=\"font-weight: var( --e-global-typography-text-font-weight ); background-color: var(--color_content_background); font-size: var(--typography_size_html);\">et<\/span><span style=\"background-color: var(--color_content_background); font-size: var(--typography_size_html); font-weight: var( --e-global-typography-text-font-weight );\">\u00a036,1% ont entre 25 et 54 ans. La dynamique d\u00e9mographique du bassin estuaire s\u2019explique par l\u2019existence de nombreuses entreprises de renomm\u00e9e internationale, qui g\u00e9n\u00e8rent de l\u2019emploi et des besoins en formation, et par la pr\u00e9sence d\u2019une zone industrielle en constant essor.\u00a0<\/span><\/p><p><span style=\"background-color: var(--color_content_background);\">Par ailleurs, la ville de Saint-Nazaire accueille des apprenants de tous \u00e2ges aux besoins tr\u00e8s vari\u00e9s, \u00e0 la fois socialement, scolairement et en contexte de formation. Le territoire se caract\u00e9rise par une diversit\u00e9 linguistique et culturelle (notamment li\u00e9e \u00e0 la scolarisation d&rsquo;\u00e9l\u00e8ves \u00e9trangers, tels que des \u00e9l\u00e8ves ukrainiens rejoignant une partie de leur famille qui travaillait d\u00e9j\u00e0 sur les chantiers navals), qui agit directement sur les dynamiques de l\u2019enseignement et de l\u2019apprentissage dans les \u00e9tablissements scolaires et les centres de formation.\u00a0<\/span><\/p><p><span style=\"background-color: var(--color_content_background); font-size: var(--typography_size_html); font-weight: var( --e-global-typography-text-font-weight );\">Le territoire pr\u00e9sente ainsi une diversit\u00e9 de fili\u00e8res : coll\u00e8ges, lyc\u00e9es g\u00e9n\u00e9raux et technologiques, lyc\u00e9es professionnels, GRETA-CFA, et une diversit\u00e9 dans les publics accueillis : dispositifs UPE2A et UPE2A-NSA, SEGPA, \u00e9tablissements REP+, section internationale, section europ\u00e9enne etc., dans un espace g\u00e9ographique relativement restreint.\u00a0<\/span><\/p>\t\t\t\t\t\t\t\t<\/div>\n\t\t\t\t<\/div>\n\t\t\t\t<div class=\"elementor-element elementor-element-6963e99 elementor-widget elementor-widget-spacer\" data-id=\"6963e99\" data-element_type=\"widget\" data-widget_type=\"spacer.default\">\n\t\t\t\t<div class=\"elementor-widget-container\">\n\t\t\t\t\t\t\t<div class=\"elementor-spacer\">\n\t\t\t<div class=\"elementor-spacer-inner\"><\/div>\n\t\t<\/div>\n\t\t\t\t\t\t<\/div>\n\t\t\t\t<\/div>\n\t\t\t\t<div class=\"elementor-element elementor-element-ea1827a elementor-widget elementor-widget-html\" data-id=\"ea1827a\" data-element_type=\"widget\" data-widget_type=\"html.default\">\n\t\t\t\t<div class=\"elementor-widget-container\">\n\t\t\t\t\t<iframe src=\"https:\/\/www.google.com\/maps\/d\/u\/3\/embed?mid=1rrVLZcU8pHRcr29aVh_q_2YQ5m1jOYo&ehbc=2E312F\" width=\"640\" height=\"480\"><\/iframe>\t\t\t\t<\/div>\n\t\t\t\t<\/div>\n\t\t\t\t<div class=\"elementor-element elementor-element-299621a elementor-widget elementor-widget-spacer\" data-id=\"299621a\" data-element_type=\"widget\" data-widget_type=\"spacer.default\">\n\t\t\t\t<div class=\"elementor-widget-container\">\n\t\t\t\t\t\t\t<div class=\"elementor-spacer\">\n\t\t\t<div class=\"elementor-spacer-inner\"><\/div>\n\t\t<\/div>\n\t\t\t\t\t\t<\/div>\n\t\t\t\t<\/div>\n\t\t\t\t<div class=\"elementor-element elementor-element-91bc65a elementor-widget elementor-widget-text-editor\" data-id=\"91bc65a\" data-element_type=\"widget\" data-widget_type=\"text-editor.default\">\n\t\t\t\t<div class=\"elementor-widget-container\">\n\t\t\t\t\t\t\t\t\t<p>Dans le cadre du P.E.I, 8 \u00e9tablissements aux caract\u00e9ristiques vari\u00e9es ont \u00e9t\u00e9 identifi\u00e9s pour participer \u00e0 la d\u00e9marche exp\u00e9rimentale.<\/p>\t\t\t\t\t\t\t\t<\/div>\n\t\t\t\t<\/div>\n\t\t\t\t\t<\/div>\n\t\t\t\t<\/div>\n\t\t<div class=\"elementor-element elementor-element-f65c627 e-flex e-con-boxed wpr-particle-no wpr-jarallax-no wpr-parallax-no wpr-sticky-section-no e-con e-parent\" data-id=\"f65c627\" data-element_type=\"container\">\n\t\t\t\t\t<div class=\"e-con-inner\">\n\t\t<div class=\"elementor-element elementor-element-a8ce16f e-con-full e-flex wpr-particle-no wpr-jarallax-no wpr-parallax-no wpr-sticky-section-no e-con e-child\" data-id=\"a8ce16f\" data-element_type=\"container\">\n\t\t\t\t<div class=\"elementor-element elementor-element-d6104c8 elementor-widget elementor-widget-spacer\" data-id=\"d6104c8\" data-element_type=\"widget\" data-widget_type=\"spacer.default\">\n\t\t\t\t<div class=\"elementor-widget-container\">\n\t\t\t\t\t\t\t<div class=\"elementor-spacer\">\n\t\t\t<div class=\"elementor-spacer-inner\"><\/div>\n\t\t<\/div>\n\t\t\t\t\t\t<\/div>\n\t\t\t\t<\/div>\n\t\t\t\t<div class=\"elementor-element elementor-element-ef6042b elementor-widget elementor-widget-text-editor\" data-id=\"ef6042b\" data-element_type=\"widget\" data-widget_type=\"text-editor.default\">\n\t\t\t\t<div class=\"elementor-widget-container\">\n\t\t\t\t\t\t\t\t\t<p>Parmi ces \u00e9tablissements identifi\u00e9s, 3 coll\u00e8ges, 1 lyc\u00e9e professionnel, 1 lyc\u00e9e g\u00e9n\u00e9ral et technologique et le GRETA-CFA de Saint-Nazaire ont r\u00e9pondu favorablement \u00e0 l\u2019appel \u00e0 participation.<\/p>\t\t\t\t\t\t\t\t<\/div>\n\t\t\t\t<\/div>\n\t\t\t\t<\/div>\n\t\t<div class=\"elementor-element elementor-element-87fcac8 e-con-full e-flex wpr-particle-no wpr-jarallax-no wpr-parallax-no wpr-sticky-section-no e-con e-child\" data-id=\"87fcac8\" data-element_type=\"container\">\n\t\t\t\t<div class=\"elementor-element elementor-element-d2536fd elementor-widget elementor-widget-image\" data-id=\"d2536fd\" data-element_type=\"widget\" data-widget_type=\"image.default\">\n\t\t\t\t<div class=\"elementor-widget-container\">\n\t\t\t\t\t\t\t\t\t\t\t\t\t\t\t<img fetchpriority=\"high\" decoding=\"async\" width=\"883\" height=\"291\" src=\"https:\/\/fse.gipexperience.fr\/wp-content\/uploads\/2025\/02\/Sans-titre.png\" class=\"attachment-large size-large wp-image-1602\" alt=\"\u00e9tablissements mobilis\u00e9s dans le cadre du P.E.I\" srcset=\"https:\/\/fse.gipexperience.fr\/wp-content\/uploads\/2025\/02\/Sans-titre.png 883w, https:\/\/fse.gipexperience.fr\/wp-content\/uploads\/2025\/02\/Sans-titre-300x99.png 300w, https:\/\/fse.gipexperience.fr\/wp-content\/uploads\/2025\/02\/Sans-titre-768x253.png 768w\" sizes=\"(max-width: 883px) 100vw, 883px\" \/>\t\t\t\t\t\t\t\t\t\t\t\t\t\t\t<\/div>\n\t\t\t\t<\/div>\n\t\t\t\t<\/div>\n\t\t\t\t\t<\/div>\n\t\t\t\t<\/div>\n\t\t<div class=\"elementor-element elementor-element-39a7ae3 e-flex e-con-boxed wpr-particle-no wpr-jarallax-no wpr-parallax-no wpr-sticky-section-no e-con e-parent\" data-id=\"39a7ae3\" data-element_type=\"container\">\n\t\t\t\t\t<div class=\"e-con-inner\">\n\t\t<div class=\"elementor-element elementor-element-489d1f4 e-con-full e-flex wpr-particle-no wpr-jarallax-no wpr-parallax-no wpr-sticky-section-no e-con e-child\" data-id=\"489d1f4\" data-element_type=\"container\">\n\t\t\t\t<div class=\"elementor-element elementor-element-95c9e23 elementor-widget elementor-widget-text-editor\" data-id=\"95c9e23\" data-element_type=\"widget\" data-widget_type=\"text-editor.default\">\n\t\t\t\t<div class=\"elementor-widget-container\">\n\t\t\t\t\t\t\t\t\t<p>Le tableau suivant pr\u00e9sente les caract\u00e9ristiques de ces diff\u00e9rents \u00e9tablissements (hors GRETA-CFA)\u00a0:<\/p>\t\t\t\t\t\t\t\t<\/div>\n\t\t\t\t<\/div>\n\t\t\t\t<\/div>\n\t\t<div class=\"elementor-element elementor-element-e65b521 e-con-full e-flex wpr-particle-no wpr-jarallax-no wpr-parallax-no wpr-sticky-section-no e-con e-child\" data-id=\"e65b521\" data-element_type=\"container\">\n\t\t\t\t<div class=\"elementor-element elementor-element-70b74b3 elementor-widget elementor-widget-image\" data-id=\"70b74b3\" data-element_type=\"widget\" data-widget_type=\"image.default\">\n\t\t\t\t<div class=\"elementor-widget-container\">\n\t\t\t\t\t\t\t\t\t\t\t\t\t\t\t<img decoding=\"async\" width=\"1024\" height=\"552\" src=\"https:\/\/fse.gipexperience.fr\/wp-content\/uploads\/2025\/03\/Capture-decran-2025-03-12-a-10.45.21-1024x552.png\" class=\"attachment-large size-large wp-image-1666\" alt=\"tableau pr\u00e9sentant les caract\u00e9ristiques des diff\u00e9rents \u00e9tablissements (hors GRETA-CFA)\" srcset=\"https:\/\/fse.gipexperience.fr\/wp-content\/uploads\/2025\/03\/Capture-decran-2025-03-12-a-10.45.21-1024x552.png 1024w, https:\/\/fse.gipexperience.fr\/wp-content\/uploads\/2025\/03\/Capture-decran-2025-03-12-a-10.45.21-300x162.png 300w, https:\/\/fse.gipexperience.fr\/wp-content\/uploads\/2025\/03\/Capture-decran-2025-03-12-a-10.45.21-768x414.png 768w, https:\/\/fse.gipexperience.fr\/wp-content\/uploads\/2025\/03\/Capture-decran-2025-03-12-a-10.45.21-1536x828.png 1536w, https:\/\/fse.gipexperience.fr\/wp-content\/uploads\/2025\/03\/Capture-decran-2025-03-12-a-10.45.21.png 1804w\" sizes=\"(max-width: 1024px) 100vw, 1024px\" \/>\t\t\t\t\t\t\t\t\t\t\t\t\t\t\t<\/div>\n\t\t\t\t<\/div>\n\t\t\t\t<\/div>\n\t\t\t\t\t<\/div>\n\t\t\t\t<\/div>\n\t\t<div class=\"elementor-element elementor-element-a6306ad e-flex e-con-boxed wpr-particle-no wpr-jarallax-no wpr-parallax-no wpr-sticky-section-no e-con e-parent\" data-id=\"a6306ad\" data-element_type=\"container\">\n\t\t\t\t\t<div class=\"e-con-inner\">\n\t\t\t\t<div class=\"elementor-element elementor-element-0f1454c elementor-widget elementor-widget-text-editor\" data-id=\"0f1454c\" data-element_type=\"widget\" data-widget_type=\"text-editor.default\">\n\t\t\t\t<div class=\"elementor-widget-container\">\n\t\t\t\t\t\t\t\t\t<p>Au sein de ces \u00e9tablissements, la dimension exp\u00e9rimentale du P.E.I a port\u00e9 sur l\u2019\u00e9chantillon suivant :<\/p>\n<ul>\n<li><span style=\"color: var( --e-global-color-text ); font-weight: var( --e-global-typography-text-font-weight ); text-align: var(--text-align); background-color: var(--color_content_background); font-size: var(--typography_size_html);\">Une classe de 6\u00e8me et trois classes de 3\u00e8me (coll\u00e8ge Anita Conti, coll\u00e8ge Jean Moulin et coll\u00e8ge Pierre Norange) ;<\/span><\/li>\n<li>Une classe de 2nde en lyc\u00e9e g\u00e9n\u00e9ral et technologique (LEGT Aristide Briand) ;<\/li>\n<li>Une classe de 1\u00e8re ann\u00e9e de CAP et une classe de 2\u00e8me ann\u00e9e de CAP en lyc\u00e9e professionnel (LP Andr\u00e9 Boulloche) ;<\/li>\n<li>Deux groupes de formations dispens\u00e9es au GRETA-CFA Loire-Atlantique (site de Saint-Nazaire) : le Titre Professionnel Technicien en Logistique d&rsquo;Entreposage (TP TLE) et le dispositif Pr\u00e9pa Apprentissage.<\/li>\n<\/ul>\n<div><span style=\"font-family: Marianne;\">&nbsp;<\/span><\/div>\n<div><span style=\"font-family: Marianne;\">Huit enseignants ou formateurs ont ainsi accept\u00e9 de prendre part \u00e0 l&rsquo;exp\u00e9rimentation :&nbsp;<\/span><\/div>\n<ul>\n<li><span style=\"font-family: Marianne;\">2 enseignants d&rsquo;anglais (3\u00e8me et 2nde) ;<\/span><\/li>\n<li><span style=\"font-family: Marianne;\">2 enseignants de CAP PAR (Peintre Applicateur de Rev\u00eatement) ;<\/span><\/li>\n<li><span style=\"font-family: Marianne;\">1 enseignant de fran\u00e7ais (3\u00e8me) ;<\/span><\/li>\n<li><span style=\"font-family: Marianne;\">1 enseignant de math\u00e9matiques (3\u00e8me et 6\u00e8me) ;<\/span><\/li>\n<li><span style=\"font-family: Marianne;\">1 formateur de TP TLE ;<\/span><\/li>\n<li><span style=\"font-family: Marianne;\">1 formateur du dispositif Pr\u00e9pa Apprentissage.<\/span><\/li>\n<\/ul>\t\t\t\t\t\t\t\t<\/div>\n\t\t\t\t<\/div>\n\t\t\t\t\t<\/div>\n\t\t\t\t<\/div>\n\t\t\t\t<\/div>\n\t\t","protected":false},"excerpt":{"rendered":"<div class=\"entry-summary\">\nLe bassin estuaire de la r\u00e9gion nazairienne a \u00e9t\u00e9 choisi par l\u2019\u00e9quipe projet comme terrain d&rsquo;enqu\u00eate pour le P.E.I. En effet, selon les statistiques fournies par l\u2019Observatoire de Loire-Atlantique, la r\u00e9gion nazairienne et de l\u2019estuaire compte aujourd\u2019hui \u00b1 128 800&hellip;\n<\/div>\n<div class=\"link-more\"><a href=\"https:\/\/fse.gipexperience.fr\/index.php\/contexte\/\" class=\"more-link\">Continue reading<span class=\"screen-reader-text\"> &ldquo;Public cible&rdquo;<\/span>&hellip;<\/a><\/div>\n","protected":false},"author":3,"featured_media":0,"parent":0,"menu_order":0,"comment_status":"closed","ping_status":"closed","template":"","meta":{"footnotes":""},"class_list":["post-291","page","type-page","status-publish","hentry","entry"],"_links":{"self":[{"href":"https:\/\/fse.gipexperience.fr\/index.php\/wp-json\/wp\/v2\/pages\/291","targetHints":{"allow":["GET"]}}],"collection":[{"href":"https:\/\/fse.gipexperience.fr\/index.php\/wp-json\/wp\/v2\/pages"}],"about":[{"href":"https:\/\/fse.gipexperience.fr\/index.php\/wp-json\/wp\/v2\/types\/page"}],"author":[{"embeddable":true,"href":"https:\/\/fse.gipexperience.fr\/index.php\/wp-json\/wp\/v2\/users\/3"}],"replies":[{"embeddable":true,"href":"https:\/\/fse.gipexperience.fr\/index.php\/wp-json\/wp\/v2\/comments?post=291"}],"version-history":[{"count":80,"href":"https:\/\/fse.gipexperience.fr\/index.php\/wp-json\/wp\/v2\/pages\/291\/revisions"}],"predecessor-version":[{"id":1927,"href":"https:\/\/fse.gipexperience.fr\/index.php\/wp-json\/wp\/v2\/pages\/291\/revisions\/1927"}],"wp:attachment":[{"href":"https:\/\/fse.gipexperience.fr\/index.php\/wp-json\/wp\/v2\/media?parent=291"}],"curies":[{"name":"wp","href":"https:\/\/api.w.org\/{rel}","templated":true}]}}