{"id":345,"date":"2024-02-29T15:17:53","date_gmt":"2024-02-29T14:17:53","guid":{"rendered":"https:\/\/fse.gipexperience.fr\/?page_id=345"},"modified":"2025-04-04T11:47:05","modified_gmt":"2025-04-04T09:47:05","slug":"realisations","status":"publish","type":"page","link":"https:\/\/fse.gipexperience.fr\/index.php\/realisations\/","title":{"rendered":"Synth\u00e8se du protocole"},"content":{"rendered":"\t\t<div data-elementor-type=\"wp-page\" data-elementor-id=\"345\" class=\"elementor elementor-345\">\n\t\t\t\t<div class=\"elementor-element elementor-element-8084c0e e-flex e-con-boxed wpr-particle-no wpr-jarallax-no wpr-parallax-no wpr-sticky-section-no e-con e-parent\" data-id=\"8084c0e\" data-element_type=\"container\">\n\t\t\t\t\t<div class=\"e-con-inner\">\n\t\t\t\t<div class=\"elementor-element elementor-element-dc86183 elementor-widget elementor-widget-text-editor\" data-id=\"dc86183\" data-element_type=\"widget\" data-widget_type=\"text-editor.default\">\n\t\t\t\t<div class=\"elementor-widget-container\">\n\t\t\t\t\t\t\t\t\t<p>Le protocole exp\u00e9rimental mis en place pour le Projet \u00c9ducatif d&rsquo;Int\u00e9gration \u00e9tait le suivant :&nbsp;<\/p>\n<ol>\n<li><b>Entretiens de pr\u00e9-observation<\/b>&nbsp;(novembre \u00e0 d\u00e9cembre 2023) : premi\u00e8re rencontre individuelle avec les 8 enseignants ou formateurs mobilis\u00e9s sur le projet, pendant environ 1 heure, hors face-\u00e0-face p\u00e9dagogique ;<\/li>\n<li><strong>Observations des pratiques enseignantes <\/strong>(d\u00e9cembre \u00e0 f\u00e9vrier 2024) : observations film\u00e9es sur le terrain (i.e. en classe, pendant des s\u00e9ances de cours) portant sur l&rsquo;agir enseignant, pendant environ 2 heures ;<\/li>\n<li><strong>Entretiens de post-observation<\/strong> (d\u00e9cembre \u00e0 mars 2024) : entretiens semi-directifs avec les 8 enseignants ou formateurs suite \u00e0 l&rsquo;observation d&rsquo;1 ou 2 s\u00e9ances de cours, pendant environ 1 heure, hors face-\u00e0-face p\u00e9dagogique ;<\/li>\n<li>&nbsp;<strong>Atelier de retour d&rsquo;exp\u00e9rience<\/strong>&nbsp;(12 avril 2024) : rencontre collective avec les 8 enseignants ou formateurs participant au projet, dans le but d&rsquo;\u00e9changer sur les pratiques observ\u00e9es durant leurs diff\u00e9rentes s\u00e9ances film\u00e9es, pendant environ 1 heure 30 ;<\/li>\n<li><strong>Atelier de formation<\/strong> (17 mai 2024) : s\u00e9ance de formation \u00e0 destination des 8 enseignants ou formateurs mobilis\u00e9s, afin de diffuser les r\u00e9sultats et bonnes pratiques tir\u00e9es du protocole exp\u00e9rimental, pendant environ 1 heure 30 ;&nbsp;<\/li>\n<li><b>R\u00e9daction du rapport<\/b> et <b>cr\u00e9ation du CLOM<\/b> ;<\/li>\n<li><b>Cr\u00e9ation du pr\u00e9sent site web<\/b>.<\/li>\n<\/ol>\t\t\t\t\t\t\t\t<\/div>\n\t\t\t\t<\/div>\n\t\t\t\t\t<\/div>\n\t\t\t\t<\/div>\n\t\t\t\t<\/div>\n\t\t","protected":false},"excerpt":{"rendered":"<div class=\"entry-summary\">\nLe protocole exp\u00e9rimental mis en place pour le Projet \u00c9ducatif d&rsquo;Int\u00e9gration \u00e9tait le suivant :&nbsp; Entretiens de pr\u00e9-observation&nbsp;(novembre \u00e0 d\u00e9cembre 2023) : premi\u00e8re rencontre individuelle avec les 8 enseignants ou formateurs mobilis\u00e9s sur le projet, pendant environ 1 heure, hors&hellip;\n<\/div>\n<div class=\"link-more\"><a href=\"https:\/\/fse.gipexperience.fr\/index.php\/realisations\/\" class=\"more-link\">Continue reading<span class=\"screen-reader-text\"> &ldquo;Synth\u00e8se du protocole&rdquo;<\/span>&hellip;<\/a><\/div>\n","protected":false},"author":3,"featured_media":0,"parent":0,"menu_order":0,"comment_status":"closed","ping_status":"closed","template":"","meta":{"footnotes":""},"class_list":["post-345","page","type-page","status-publish","hentry","entry"],"_links":{"self":[{"href":"https:\/\/fse.gipexperience.fr\/index.php\/wp-json\/wp\/v2\/pages\/345","targetHints":{"allow":["GET"]}}],"collection":[{"href":"https:\/\/fse.gipexperience.fr\/index.php\/wp-json\/wp\/v2\/pages"}],"about":[{"href":"https:\/\/fse.gipexperience.fr\/index.php\/wp-json\/wp\/v2\/types\/page"}],"author":[{"embeddable":true,"href":"https:\/\/fse.gipexperience.fr\/index.php\/wp-json\/wp\/v2\/users\/3"}],"replies":[{"embeddable":true,"href":"https:\/\/fse.gipexperience.fr\/index.php\/wp-json\/wp\/v2\/comments?post=345"}],"version-history":[{"count":51,"href":"https:\/\/fse.gipexperience.fr\/index.php\/wp-json\/wp\/v2\/pages\/345\/revisions"}],"predecessor-version":[{"id":1943,"href":"https:\/\/fse.gipexperience.fr\/index.php\/wp-json\/wp\/v2\/pages\/345\/revisions\/1943"}],"wp:attachment":[{"href":"https:\/\/fse.gipexperience.fr\/index.php\/wp-json\/wp\/v2\/media?parent=345"}],"curies":[{"name":"wp","href":"https:\/\/api.w.org\/{rel}","templated":true}]}}