{"id":548,"date":"2024-03-04T13:04:40","date_gmt":"2024-03-04T12:04:40","guid":{"rendered":"https:\/\/fse.gipexperience.fr\/?page_id=548"},"modified":"2025-03-13T12:47:56","modified_gmt":"2025-03-13T11:47:56","slug":"offre-de-stage","status":"publish","type":"page","link":"https:\/\/fse.gipexperience.fr\/index.php\/offre-de-stage\/","title":{"rendered":"Offre de stage"},"content":{"rendered":"\t\t<div data-elementor-type=\"wp-page\" data-elementor-id=\"548\" class=\"elementor elementor-548\">\n\t\t\t\t<div class=\"elementor-element elementor-element-52ff9c6 e-flex e-con-boxed wpr-particle-no wpr-jarallax-no wpr-parallax-no wpr-sticky-section-no e-con e-parent\" data-id=\"52ff9c6\" data-element_type=\"container\">\n\t\t\t\t\t<div class=\"e-con-inner\">\n\t\t\t\t<div class=\"elementor-element elementor-element-dac54fb elementor-widget elementor-widget-text-editor\" data-id=\"dac54fb\" data-element_type=\"widget\" data-widget_type=\"text-editor.default\">\n\t\t\t\t<div class=\"elementor-widget-container\">\n\t\t\t\t\t\t\t\t\t<p>En accord avec la Direction du GIP-FCIP Exp\u00e9rience, un stage en traitement de donn\u00e9es a \u00e9t\u00e9 propos\u00e9 dans le cadre du Projet \u00c9ducatif d&rsquo;Int\u00e9gration. La diffusion de l\u2019offre a \u00e9t\u00e9 r\u00e9alis\u00e9e aupr\u00e8s de Nantes Universit\u00e9 et de l\u2019Universit\u00e9 du Mans le 19 f\u00e9vrier 2024.<\/p>\t\t\t\t\t\t\t\t<\/div>\n\t\t\t\t<\/div>\n\t\t\t\t<div class=\"elementor-element elementor-element-4566f0f elementor-widget elementor-widget-spacer\" data-id=\"4566f0f\" data-element_type=\"widget\" data-widget_type=\"spacer.default\">\n\t\t\t\t<div class=\"elementor-widget-container\">\n\t\t\t\t\t\t\t<div class=\"elementor-spacer\">\n\t\t\t<div class=\"elementor-spacer-inner\"><\/div>\n\t\t<\/div>\n\t\t\t\t\t\t<\/div>\n\t\t\t\t<\/div>\n\t\t\t\t<div class=\"elementor-element elementor-element-876aa1f elementor-align-center elementor-widget elementor-widget-button\" data-id=\"876aa1f\" data-element_type=\"widget\" data-widget_type=\"button.default\">\n\t\t\t\t<div class=\"elementor-widget-container\">\n\t\t\t\t\t\t\t\t\t<div class=\"elementor-button-wrapper\">\n\t\t\t\t\t<a class=\"elementor-button elementor-button-link elementor-size-sm\" href=\"http:\/\/fse.gipexperience.fr\/wp-content\/uploads\/2024\/03\/Offre-Stage-Traitement-des-donnees.pdf\" target=\"_blank\">\n\t\t\t\t\t\t<span class=\"elementor-button-content-wrapper\">\n\t\t\t\t\t\t\t\t\t<span class=\"elementor-button-text\">Cliquez ici pour consulter le contenu de l'offre de stage<\/span>\n\t\t\t\t\t<\/span>\n\t\t\t\t\t<\/a>\n\t\t\t\t<\/div>\n\t\t\t\t\t\t\t\t<\/div>\n\t\t\t\t<\/div>\n\t\t\t\t\t<\/div>\n\t\t\t\t<\/div>\n\t\t\t\t<\/div>\n\t\t","protected":false},"excerpt":{"rendered":"<div class=\"entry-summary\">\nEn accord avec la Direction du GIP-FCIP Exp\u00e9rience, un stage en traitement de donn\u00e9es a \u00e9t\u00e9 propos\u00e9 dans le cadre du Projet \u00c9ducatif d&rsquo;Int\u00e9gration. La diffusion de l\u2019offre a \u00e9t\u00e9 r\u00e9alis\u00e9e aupr\u00e8s de Nantes Universit\u00e9 et de l\u2019Universit\u00e9 du Mans&hellip;\n<\/div>\n<div class=\"link-more\"><a href=\"https:\/\/fse.gipexperience.fr\/index.php\/offre-de-stage\/\" class=\"more-link\">Continue reading<span class=\"screen-reader-text\"> &ldquo;Offre de stage&rdquo;<\/span>&hellip;<\/a><\/div>\n","protected":false},"author":3,"featured_media":0,"parent":0,"menu_order":0,"comment_status":"closed","ping_status":"closed","template":"","meta":{"footnotes":""},"class_list":["post-548","page","type-page","status-publish","hentry","entry"],"_links":{"self":[{"href":"https:\/\/fse.gipexperience.fr\/index.php\/wp-json\/wp\/v2\/pages\/548","targetHints":{"allow":["GET"]}}],"collection":[{"href":"https:\/\/fse.gipexperience.fr\/index.php\/wp-json\/wp\/v2\/pages"}],"about":[{"href":"https:\/\/fse.gipexperience.fr\/index.php\/wp-json\/wp\/v2\/types\/page"}],"author":[{"embeddable":true,"href":"https:\/\/fse.gipexperience.fr\/index.php\/wp-json\/wp\/v2\/users\/3"}],"replies":[{"embeddable":true,"href":"https:\/\/fse.gipexperience.fr\/index.php\/wp-json\/wp\/v2\/comments?post=548"}],"version-history":[{"count":28,"href":"https:\/\/fse.gipexperience.fr\/index.php\/wp-json\/wp\/v2\/pages\/548\/revisions"}],"predecessor-version":[{"id":1799,"href":"https:\/\/fse.gipexperience.fr\/index.php\/wp-json\/wp\/v2\/pages\/548\/revisions\/1799"}],"wp:attachment":[{"href":"https:\/\/fse.gipexperience.fr\/index.php\/wp-json\/wp\/v2\/media?parent=548"}],"curies":[{"name":"wp","href":"https:\/\/api.w.org\/{rel}","templated":true}]}}