{"id":564,"date":"2024-03-04T13:13:29","date_gmt":"2024-03-04T12:13:29","guid":{"rendered":"https:\/\/fse.gipexperience.fr\/?page_id=564"},"modified":"2025-03-17T15:23:39","modified_gmt":"2025-03-17T14:23:39","slug":"partenariats","status":"publish","type":"page","link":"https:\/\/fse.gipexperience.fr\/index.php\/partenariats\/","title":{"rendered":"Entit\u00e9s partenaires"},"content":{"rendered":"\t\t<div data-elementor-type=\"wp-page\" data-elementor-id=\"564\" class=\"elementor elementor-564\">\n\t\t\t\t<div class=\"elementor-element elementor-element-e3af981 e-flex e-con-boxed wpr-particle-no wpr-jarallax-no wpr-parallax-no wpr-sticky-section-no e-con e-parent\" data-id=\"e3af981\" data-element_type=\"container\">\n\t\t\t\t\t<div class=\"e-con-inner\">\n\t\t\t\t<div class=\"elementor-element elementor-element-92516fe elementor-widget elementor-widget-text-editor\" data-id=\"92516fe\" data-element_type=\"widget\" data-widget_type=\"text-editor.default\">\n\t\t\t\t<div class=\"elementor-widget-container\">\n\t\t\t\t\t\t\t\t\t<p>Cette action est \u00e9galement cofinanc\u00e9e par l&rsquo;Union Europ\u00e9enne.<\/p>\t\t\t\t\t\t\t\t<\/div>\n\t\t\t\t<\/div>\n\t\t\t\t<div class=\"elementor-element elementor-element-38d22d9 elementor-widget elementor-widget-text-editor\" data-id=\"38d22d9\" data-element_type=\"widget\" data-widget_type=\"text-editor.default\">\n\t\t\t\t<div class=\"elementor-widget-container\">\n\t\t\t\t\t\t\t\t\t<p>Cinq services du Rectorat de l\u2019Acad\u00e9mie de Nantes se sont mobilis\u00e9s dans le cadre du Projet \u00c9ducatif d&rsquo;Int\u00e9gration :<\/p>\n<ul>\n<li>le Centre Acad\u00e9mique de FOrmation Continue (CAFOC)<\/li>\n<li>le Centre Acad\u00e9mique pour la Scolarisation des \u00e9l\u00e8ves allophones Nouvellement Arriv\u00e9s et des enfants issus de familles itin\u00e9rantes et du Voyage (CASNAV)<\/li>\n<li>la D\u00e9l\u00e9gation Acad\u00e9mique \u00e0 la Pers\u00e9v\u00e9rance Scolaire et \u00e0 l&rsquo;Insertion (DAPSI)<\/li>\n<li>la D\u00e9l\u00e9gation R\u00e9gionale Acad\u00e9mique \u00e0 la Formation Professionnelle Initiale et Continue (DRAFPIC) &#8211; Groupement d&rsquo;Int\u00e9r\u00eat Public Formation Continue et Insertion Professionnelle (GIP FCIP) \u00ab\u00a0Exp\u00e9rience\u00a0\u00bb&nbsp;<\/li>\n<li>le R\u00e9seau Canop\u00e9<\/li>\n<\/ul>\t\t\t\t\t\t\t\t<\/div>\n\t\t\t\t<\/div>\n\t\t\t\t\t<\/div>\n\t\t\t\t<\/div>\n\t\t\t\t<\/div>\n\t\t","protected":false},"excerpt":{"rendered":"<div class=\"entry-summary\">\nCette action est \u00e9galement cofinanc\u00e9e par l&rsquo;Union Europ\u00e9enne. Cinq services du Rectorat de l\u2019Acad\u00e9mie de Nantes se sont mobilis\u00e9s dans le cadre du Projet \u00c9ducatif d&rsquo;Int\u00e9gration : le Centre Acad\u00e9mique de FOrmation Continue (CAFOC) le Centre Acad\u00e9mique pour la Scolarisation&hellip;\n<\/div>\n<div class=\"link-more\"><a href=\"https:\/\/fse.gipexperience.fr\/index.php\/partenariats\/\" class=\"more-link\">Continue reading<span class=\"screen-reader-text\"> &ldquo;Entit\u00e9s partenaires&rdquo;<\/span>&hellip;<\/a><\/div>\n","protected":false},"author":3,"featured_media":0,"parent":0,"menu_order":0,"comment_status":"closed","ping_status":"closed","template":"","meta":{"footnotes":""},"class_list":["post-564","page","type-page","status-publish","hentry","entry"],"_links":{"self":[{"href":"https:\/\/fse.gipexperience.fr\/index.php\/wp-json\/wp\/v2\/pages\/564","targetHints":{"allow":["GET"]}}],"collection":[{"href":"https:\/\/fse.gipexperience.fr\/index.php\/wp-json\/wp\/v2\/pages"}],"about":[{"href":"https:\/\/fse.gipexperience.fr\/index.php\/wp-json\/wp\/v2\/types\/page"}],"author":[{"embeddable":true,"href":"https:\/\/fse.gipexperience.fr\/index.php\/wp-json\/wp\/v2\/users\/3"}],"replies":[{"embeddable":true,"href":"https:\/\/fse.gipexperience.fr\/index.php\/wp-json\/wp\/v2\/comments?post=564"}],"version-history":[{"count":50,"href":"https:\/\/fse.gipexperience.fr\/index.php\/wp-json\/wp\/v2\/pages\/564\/revisions"}],"predecessor-version":[{"id":1828,"href":"https:\/\/fse.gipexperience.fr\/index.php\/wp-json\/wp\/v2\/pages\/564\/revisions\/1828"}],"wp:attachment":[{"href":"https:\/\/fse.gipexperience.fr\/index.php\/wp-json\/wp\/v2\/media?parent=564"}],"curies":[{"name":"wp","href":"https:\/\/api.w.org\/{rel}","templated":true}]}}