{"id":630,"date":"2024-03-05T09:25:36","date_gmt":"2024-03-05T08:25:36","guid":{"rendered":"https:\/\/fse.gipexperience.fr\/?page_id=630"},"modified":"2025-03-25T15:14:40","modified_gmt":"2025-03-25T14:14:40","slug":"public-cible","status":"publish","type":"page","link":"https:\/\/fse.gipexperience.fr\/index.php\/public-cible\/","title":{"rendered":"Principaux livrables"},"content":{"rendered":"\t\t<div data-elementor-type=\"wp-page\" data-elementor-id=\"630\" class=\"elementor elementor-630\">\n\t\t\t\t<div class=\"elementor-element elementor-element-5adc64c e-flex e-con-boxed wpr-particle-no wpr-jarallax-no wpr-parallax-no wpr-sticky-section-no e-con e-parent\" data-id=\"5adc64c\" data-element_type=\"container\">\n\t\t\t\t\t<div class=\"e-con-inner\">\n\t\t\t\t<div class=\"elementor-element elementor-element-cec0791 elementor-widget elementor-widget-text-editor\" data-id=\"cec0791\" data-element_type=\"widget\" data-widget_type=\"text-editor.default\">\n\t\t\t\t<div class=\"elementor-widget-container\">\n\t\t\t\t\t\t\t\t\t<p>Trois principaux livrables sont associ\u00e9s \u00e0 la r\u00e9alisation du Projet \u00c9ducation d&rsquo;Int\u00e9gration :<\/p><ul><li>un rapport pr\u00e9sentant les principales conclusions de l&rsquo;\u00e9tude ;<\/li><li>un CLOM (ou Cours en Ligne Ouvert et Massif, plus souvent mentionn\u00e9 sous l\u2019appellation \u00ab MOOC\u00a0\u00bb\u00a0:\u00a0Massive Open Online Course) ;<\/li><li>et le pr\u00e9sent site web de vulgarisation du projet.<\/li><\/ul><p>La diversit\u00e9 de ces livrables vise \u00e0 diffuser largement les conclusions tir\u00e9es de la recherche concernant l\u2019h\u00e9t\u00e9rog\u00e9n\u00e9it\u00e9 des publics, en tant que th\u00e9matique sociale faisant r\u00e9f\u00e9rence \u00e0 l\u2019int\u00e9gration d\u2019apprenants \u00e0 besoins vari\u00e9s au sein d\u2019un m\u00eame groupe-classe.<\/p>\t\t\t\t\t\t\t\t<\/div>\n\t\t\t\t<\/div>\n\t\t\t\t<div class=\"elementor-element elementor-element-1351b88 elementor-widget elementor-widget-spacer\" data-id=\"1351b88\" data-element_type=\"widget\" data-widget_type=\"spacer.default\">\n\t\t\t\t<div class=\"elementor-widget-container\">\n\t\t\t\t\t\t\t<div class=\"elementor-spacer\">\n\t\t\t<div class=\"elementor-spacer-inner\"><\/div>\n\t\t<\/div>\n\t\t\t\t\t\t<\/div>\n\t\t\t\t<\/div>\n\t\t\t\t<div class=\"elementor-element elementor-element-401c4f4 elementor-widget elementor-widget-heading\" data-id=\"401c4f4\" data-element_type=\"widget\" data-widget_type=\"heading.default\">\n\t\t\t\t<div class=\"elementor-widget-container\">\n\t\t\t\t\t<h2 class=\"elementor-heading-title elementor-size-default\">Orientations communicatives des livrables<\/h2>\t\t\t\t<\/div>\n\t\t\t\t<\/div>\n\t\t\t\t<div class=\"elementor-element elementor-element-51af37c elementor-widget elementor-widget-text-editor\" data-id=\"51af37c\" data-element_type=\"widget\" data-widget_type=\"text-editor.default\">\n\t\t\t\t<div class=\"elementor-widget-container\">\n\t\t\t\t\t\t\t\t\t<p>L\u2019objectif fix\u00e9 pour le projet \u00e9tait d\u2019accompagner les enseignants et formateurs de tout type de structures \u00e9ducatives dans la prise en compte des \u00e9l\u00e8ves selon leurs besoins, en coh\u00e9rence avec les priorit\u00e9s europ\u00e9ennes en mati\u00e8re d\u2019\u00e9galit\u00e9 des chances. \u00c0 travers ses diff\u00e9rents livrables, il poursuit une double ambition : diffuser les bonnes pratiques observ\u00e9es et recueillies lors de l\u2019exp\u00e9rimentation, et offrir des ressources p\u00e9dagogiques adapt\u00e9es pour renforcer les comp\u00e9tences des enseignants.<\/p><p>Le site internet que vous consultez actuellement a pour objectif principal de vulgariser les actions men\u00e9es dans le cadre du projet. Il s\u2019agit d\u2019un espace informatif, mais aussi interactif, con\u00e7u pour informer un public vari\u00e9 sur les \u00e9tapes du projet, ses objectifs et les r\u00e9sultats obtenus. Il permet \u00e9galement de valoriser les contributions des diff\u00e9rents partenaires impliqu\u00e9s et d\u2019assurer une large visibilit\u00e9 sur les outils et m\u00e9thodes d\u00e9velopp\u00e9s.<\/p><p>Le CLOM, quant \u00e0 lui, a \u00e9t\u00e9 pens\u00e9 comme un outil de formation pratique destin\u00e9 \u00e0 aider les enseignants \u00e0 mieux comprendre et int\u00e9grer les approches inclusives dans leurs pratiques p\u00e9dagogiques. Structur\u00e9 autour de vid\u00e9os th\u00e9matiques et de ressources interactives, il met notamment en lumi\u00e8re des notions-cl\u00e9s telles que la diff\u00e9renciation p\u00e9dagogique et la gestion de l\u2019h\u00e9t\u00e9rog\u00e9n\u00e9it\u00e9 en classe. Les vid\u00e9os qui y sont pr\u00e9sent\u00e9es, telles que \u00ab\u00a0Sur quoi porte la diff\u00e9renciation p\u00e9dagogique\u00a0?\u00a0\u00bb ou encore \u00ab\u00a0Observation d\u2019une pratique d\u2019enseignement\u00a0\u00bb, sont directement issues des observations et des entretiens r\u00e9alis\u00e9s dans le cadre du projet. Elles offrent des exemples concrets, des t\u00e9moignages d\u2019enseignants et formateurs, des solutions pratiques facilement transposables dans des contextes vari\u00e9s.<\/p><p>Les deux livrables, bien que distincts dans leur approche, convergent vers une m\u00eame finalit\u00e9 : permettre aux enseignants et formateurs d\u2019acc\u00e9der \u00e0 des outils th\u00e9oriques et pratiques pour promouvoir une \u00e9ducation plus inclusive et \u00e9quitable.<\/p>\t\t\t\t\t\t\t\t<\/div>\n\t\t\t\t<\/div>\n\t\t\t\t<div class=\"elementor-element elementor-element-4602c77 elementor-widget elementor-widget-spacer\" data-id=\"4602c77\" data-element_type=\"widget\" data-widget_type=\"spacer.default\">\n\t\t\t\t<div class=\"elementor-widget-container\">\n\t\t\t\t\t\t\t<div class=\"elementor-spacer\">\n\t\t\t<div class=\"elementor-spacer-inner\"><\/div>\n\t\t<\/div>\n\t\t\t\t\t\t<\/div>\n\t\t\t\t<\/div>\n\t\t\t\t<div class=\"elementor-element elementor-element-a4e2e5a elementor-align-justify elementor-widget elementor-widget-button\" data-id=\"a4e2e5a\" data-element_type=\"widget\" data-widget_type=\"button.default\">\n\t\t\t\t<div class=\"elementor-widget-container\">\n\t\t\t\t\t\t\t\t\t<div class=\"elementor-button-wrapper\">\n\t\t\t\t\t<a class=\"elementor-button elementor-button-link elementor-size-sm\" href=\"https:\/\/moodle.reseau-greta-cfa-pdl.fr\/\" target=\"_blank\">\n\t\t\t\t\t\t<span class=\"elementor-button-content-wrapper\">\n\t\t\t\t\t\t\t\t\t<span class=\"elementor-button-text\">Cliquez ici pour acc\u00e9der au CLOM<\/span>\n\t\t\t\t\t<\/span>\n\t\t\t\t\t<\/a>\n\t\t\t\t<\/div>\n\t\t\t\t\t\t\t\t<\/div>\n\t\t\t\t<\/div>\n\t\t\t\t\t<\/div>\n\t\t\t\t<\/div>\n\t\t\t\t<\/div>\n\t\t","protected":false},"excerpt":{"rendered":"<div class=\"entry-summary\">\nTrois principaux livrables sont associ\u00e9s \u00e0 la r\u00e9alisation du Projet \u00c9ducation d&rsquo;Int\u00e9gration : un rapport pr\u00e9sentant les principales conclusions de l&rsquo;\u00e9tude ; un CLOM (ou Cours en Ligne Ouvert et Massif, plus souvent mentionn\u00e9 sous l\u2019appellation \u00ab MOOC\u00a0\u00bb\u00a0:\u00a0Massive Open Online&hellip;\n<\/div>\n<div class=\"link-more\"><a href=\"https:\/\/fse.gipexperience.fr\/index.php\/public-cible\/\" class=\"more-link\">Continue reading<span class=\"screen-reader-text\"> &ldquo;Principaux livrables&rdquo;<\/span>&hellip;<\/a><\/div>\n","protected":false},"author":3,"featured_media":0,"parent":0,"menu_order":0,"comment_status":"closed","ping_status":"closed","template":"","meta":{"footnotes":""},"class_list":["post-630","page","type-page","status-publish","hentry","entry"],"_links":{"self":[{"href":"https:\/\/fse.gipexperience.fr\/index.php\/wp-json\/wp\/v2\/pages\/630","targetHints":{"allow":["GET"]}}],"collection":[{"href":"https:\/\/fse.gipexperience.fr\/index.php\/wp-json\/wp\/v2\/pages"}],"about":[{"href":"https:\/\/fse.gipexperience.fr\/index.php\/wp-json\/wp\/v2\/types\/page"}],"author":[{"embeddable":true,"href":"https:\/\/fse.gipexperience.fr\/index.php\/wp-json\/wp\/v2\/users\/3"}],"replies":[{"embeddable":true,"href":"https:\/\/fse.gipexperience.fr\/index.php\/wp-json\/wp\/v2\/comments?post=630"}],"version-history":[{"count":71,"href":"https:\/\/fse.gipexperience.fr\/index.php\/wp-json\/wp\/v2\/pages\/630\/revisions"}],"predecessor-version":[{"id":1887,"href":"https:\/\/fse.gipexperience.fr\/index.php\/wp-json\/wp\/v2\/pages\/630\/revisions\/1887"}],"wp:attachment":[{"href":"https:\/\/fse.gipexperience.fr\/index.php\/wp-json\/wp\/v2\/media?parent=630"}],"curies":[{"name":"wp","href":"https:\/\/api.w.org\/{rel}","templated":true}]}}